{"id":5708,"date":"2020-10-01T17:20:36","date_gmt":"2020-10-01T14:20:36","guid":{"rendered":"http:\/\/souba.com.tr\/?page_id=5708"},"modified":"2020-10-01T17:25:24","modified_gmt":"2020-10-01T14:25:24","slug":"urun-bakimi","status":"publish","type":"page","link":"https:\/\/souba.com.tr\/en\/urun-bakimi\/","title":{"rendered":"Product Care"},"content":{"rendered":"<section class=\"wpb-content-wrapper\"><div class=\"vc_row wpb_row vc_row-fluid\" ><div class=\"wpb_column vc_column_container vc_col-sm-12\"><div class=\"vc_column-inner\"><div class=\"wpb_wrapper\">\n\t<div class=\"wpb_text_column wpb_content_element\" >\n\t\t<div class=\"wpb_wrapper\">\n\t\t\t<ul>\n<li>Be careful not to rub or scratch the product on abrasive surfaces.<\/li>\n<li>Protect the product form hard impacts. Do not expose your product to the direct sunlight and keep it away from the direct heat sources (such as iron, radiators, electric heater, etc.)<\/li>\n<li>Do not leave newspapers or magazines on the product as the ink may penetrate and leave permanent stains to the leather products.<\/li>\n<li>Avoid contact of products with any clothe that may transmit the dark paint.<\/li>\n<li>Avoid contact with greasy substances, cosmetics, perfumes, hydro-alcoholic solutions and any material that may transfer color pigments to the product.<\/li>\n<li>Keep your product away from water and humid environment.<\/li>\n<li>In case of soiling or dampening on the surface, dry the product with a clean, lint free, light colored, absorbent cloth. Never use soap or chemical solvents.<\/li>\n<li>Leather products must not be washed in the washing machine and must not come into contact with chemicals such as detergents.<\/li>\n<li>Any leather product that does not have a \u201cwaterproof\u201d sign and designation can allow penetration of water. Leather has pores and it is a breathing, living material. Therefore, when the product used while raining or snowing, it may leak water in. Therefore, water stains may occur.<\/li>\n<li>To protect your product, please store it in the protective sleeve supplied with the product.<\/li>\n<\/ul>\n\n\t\t<\/div>\n\t<\/div>\n<\/div><\/div><\/div><\/div>\n<\/section>","protected":false},"excerpt":{"rendered":"\u00dcr\u00fcn\u00fc a\u015f\u0131nd\u0131r\u0131c\u0131 y\u00fczeylere s\u00fcrtmemeye veya \u00e7izmemeye \u00f6zen g\u00f6sterin. \u00dcr\u00fcn\u00fc sert darbelerden koruyun. \u00dcr\u00fcn\u00fc do\u011frudan g\u00fcne\u015f \u0131\u015f\u0131\u011f\u0131na maruz b\u0131rakmay\u0131n. Do\u011frudan \u0131s\u0131 kaynaklar\u0131ndan (demir radyat\u00f6rler, elektrikli su \u0131s\u0131t\u0131c\u0131lar\u0131, vb.) uzak tutun. \u00dcr\u00fcn\u00fcn \u00fczerine gazete veya dergi b\u0131rakmay\u0131n. Bu tip materyaller \u00fcr\u00fcn\u00fcn \u00fczerine [...]","protected":false},"author":1,"featured_media":0,"parent":0,"menu_order":0,"comment_status":"closed","ping_status":"closed","template":"","meta":{"footnotes":""},"class_list":["post-5708","page","type-page","status-publish","hentry"],"yoast_head":"<!-- This site is optimized with the Yoast SEO plugin v21.9.1 - https:\/\/yoast.com\/wordpress\/plugins\/seo\/ -->\n<title>\u00dcr\u00fcn Bak\u0131m\u0131 | SOU-BA<\/title>\n<meta name=\"robots\" content=\"index, follow, max-snippet:-1, max-image-preview:large, max-video-preview:-1\" \/>\n<link rel=\"canonical\" href=\"https:\/\/souba.com.tr\/en\/urun-bakimi\/\" \/>\n<meta property=\"og:locale\" content=\"en_US\" \/>\n<meta property=\"og:type\" content=\"article\" \/>\n<meta property=\"og:title\" content=\"\u00dcr\u00fcn Bak\u0131m\u0131 | SOU-BA\" \/>\n<meta property=\"og:url\" content=\"https:\/\/souba.com.tr\/en\/urun-bakimi\/\" \/>\n<meta property=\"og:site_name\" content=\"SOU-BA\" \/>\n<meta property=\"article:modified_time\" content=\"2020-10-01T14:25:24+00:00\" \/>\n<meta name=\"twitter:card\" content=\"summary_large_image\" \/>\n<meta name=\"twitter:label1\" content=\"Est. reading time\" \/>\n\t<meta name=\"twitter:data1\" content=\"1 minute\" \/>\n<script type=\"application\/ld+json\" class=\"yoast-schema-graph\">{\"@context\":\"https:\/\/schema.org\",\"@graph\":[{\"@type\":\"WebPage\",\"@id\":\"https:\/\/souba.com.tr\/urun-bakimi\/\",\"url\":\"https:\/\/souba.com.tr\/urun-bakimi\/\",\"name\":\"\u00dcr\u00fcn Bak\u0131m\u0131 | SOU-BA\",\"isPartOf\":{\"@id\":\"https:\/\/souba.com.tr\/#website\"},\"datePublished\":\"2020-10-01T14:20:36+00:00\",\"dateModified\":\"2020-10-01T14:25:24+00:00\",\"breadcrumb\":{\"@id\":\"https:\/\/souba.com.tr\/urun-bakimi\/#breadcrumb\"},\"inLanguage\":\"en-US\",\"potentialAction\":[{\"@type\":\"ReadAction\",\"target\":[\"https:\/\/souba.com.tr\/urun-bakimi\/\"]}]},{\"@type\":\"BreadcrumbList\",\"@id\":\"https:\/\/souba.com.tr\/urun-bakimi\/#breadcrumb\",\"itemListElement\":[{\"@type\":\"ListItem\",\"position\":1,\"name\":\"Ana sayfa\",\"item\":\"https:\/\/souba.com.tr\/\"},{\"@type\":\"ListItem\",\"position\":2,\"name\":\"\u00dcr\u00fcn Bak\u0131m\u0131\"}]},{\"@type\":\"WebSite\",\"@id\":\"https:\/\/souba.com.tr\/#website\",\"url\":\"https:\/\/souba.com.tr\/\",\"name\":\"SOU-BA\",\"description\":\"Follow your soul, it will find your bag.\",\"potentialAction\":[{\"@type\":\"SearchAction\",\"target\":{\"@type\":\"EntryPoint\",\"urlTemplate\":\"https:\/\/souba.com.tr\/?s={search_term_string}\"},\"query-input\":\"required name=search_term_string\"}],\"inLanguage\":\"en-US\"}]}<\/script>\n<!-- \/ Yoast SEO plugin. -->","yoast_head_json":{"title":"\u00dcr\u00fcn Bak\u0131m\u0131 | SOU-BA","robots":{"index":"index","follow":"follow","max-snippet":"max-snippet:-1","max-image-preview":"max-image-preview:large","max-video-preview":"max-video-preview:-1"},"canonical":"https:\/\/souba.com.tr\/en\/urun-bakimi\/","og_locale":"en_US","og_type":"article","og_title":"\u00dcr\u00fcn Bak\u0131m\u0131 | SOU-BA","og_url":"https:\/\/souba.com.tr\/en\/urun-bakimi\/","og_site_name":"SOU-BA","article_modified_time":"2020-10-01T14:25:24+00:00","twitter_card":"summary_large_image","twitter_misc":{"Est. reading time":"1 minute"},"schema":{"@context":"https:\/\/schema.org","@graph":[{"@type":"WebPage","@id":"https:\/\/souba.com.tr\/urun-bakimi\/","url":"https:\/\/souba.com.tr\/urun-bakimi\/","name":"\u00dcr\u00fcn Bak\u0131m\u0131 | SOU-BA","isPartOf":{"@id":"https:\/\/souba.com.tr\/#website"},"datePublished":"2020-10-01T14:20:36+00:00","dateModified":"2020-10-01T14:25:24+00:00","breadcrumb":{"@id":"https:\/\/souba.com.tr\/urun-bakimi\/#breadcrumb"},"inLanguage":"en-US","potentialAction":[{"@type":"ReadAction","target":["https:\/\/souba.com.tr\/urun-bakimi\/"]}]},{"@type":"BreadcrumbList","@id":"https:\/\/souba.com.tr\/urun-bakimi\/#breadcrumb","itemListElement":[{"@type":"ListItem","position":1,"name":"Ana sayfa","item":"https:\/\/souba.com.tr\/"},{"@type":"ListItem","position":2,"name":"\u00dcr\u00fcn Bak\u0131m\u0131"}]},{"@type":"WebSite","@id":"https:\/\/souba.com.tr\/#website","url":"https:\/\/souba.com.tr\/","name":"SOU-BA","description":"Follow your soul, it will find your bag.","potentialAction":[{"@type":"SearchAction","target":{"@type":"EntryPoint","urlTemplate":"https:\/\/souba.com.tr\/?s={search_term_string}"},"query-input":"required name=search_term_string"}],"inLanguage":"en-US"}]}},"_links":{"self":[{"href":"https:\/\/souba.com.tr\/en\/wp-json\/wp\/v2\/pages\/5708","targetHints":{"allow":["GET"]}}],"collection":[{"href":"https:\/\/souba.com.tr\/en\/wp-json\/wp\/v2\/pages"}],"about":[{"href":"https:\/\/souba.com.tr\/en\/wp-json\/wp\/v2\/types\/page"}],"author":[{"embeddable":true,"href":"https:\/\/souba.com.tr\/en\/wp-json\/wp\/v2\/users\/1"}],"replies":[{"embeddable":true,"href":"https:\/\/souba.com.tr\/en\/wp-json\/wp\/v2\/comments?post=5708"}],"version-history":[{"count":8,"href":"https:\/\/souba.com.tr\/en\/wp-json\/wp\/v2\/pages\/5708\/revisions"}],"predecessor-version":[{"id":5716,"href":"https:\/\/souba.com.tr\/en\/wp-json\/wp\/v2\/pages\/5708\/revisions\/5716"}],"wp:attachment":[{"href":"https:\/\/souba.com.tr\/en\/wp-json\/wp\/v2\/media?parent=5708"}],"curies":[{"name":"wp","href":"https:\/\/api.w.org\/{rel}","templated":true}]}}