{"id":5734,"date":"2020-10-01T18:06:16","date_gmt":"2020-10-01T15:06:16","guid":{"rendered":"http:\/\/souba.com.tr\/?page_id=5734"},"modified":"2020-10-01T18:06:17","modified_gmt":"2020-10-01T15:06:17","slug":"iade-politikasi","status":"publish","type":"page","link":"https:\/\/souba.com.tr\/en\/iade-politikasi\/","title":{"rendered":"Return policy"},"content":{"rendered":"<p><strong>Returns &amp; Exchange<\/strong><\/p><p>You can request a refund for the products you purchased from souba.com.tr within 15 days from the date of order. There is no change in our products.<\/p><p><strong>-Conditions&nbsp;<\/strong><\/p><p>In order to initiate your return process, please contact us first at info@souba.com.tr.<\/p><p>The product you want to return must be unused, undamaged and the label must not be removed. You must send the original package and the invoice sent to you to our address at the end of the page. Returns that do not meet the conditions will not be accepted and will be returned to you with payment.<\/p><p>The fee for the shipments to be made during the return belongs to you and the shipping costs cannot be refunded.<\/p><p>After checking the compliance of your product with the return conditions, the transaction status will be sent to you by e-mail. Refunds will be made within 10 business days, depending on your bank, from the date of receipt of your return by us. The refund will be made in the same way as the payment method you used when purchasing the product. If you cannot receive your refund within the specified period, please contact your bank and then us.<\/p><p><strong>-Discounted products&nbsp;<\/strong><\/p><p>Unfortunately, discounted products cannot be returned.<\/p><p>-Our return address: \u0130stanbul caddesi no: 37 A \/ 1 Ye\u015filk\u00f6y \/ \u0130stanbul<\/p>","protected":false},"excerpt":{"rendered":"<p>\u0130ade &amp; De\u011fi\u015fim souba.com.tr\u2019den sat\u0131n ald\u0131\u011f\u0131n\u0131z \u00fcr\u00fcnleri sipari\u015f tarihinden itibaren 15 g\u00fcn i\u00e7inde iade talebinde bulunabilirsiniz. \u00dcr\u00fcnlerimizde de\u011fi\u015fim yap\u0131lmamaktad\u0131r. -\u015eartlar&nbsp; \u0130ade i\u015fleminizin ba\u015flat\u0131lmas\u0131 i\u00e7in l\u00fctfen \u00f6ncelikle info@souba.com.tr adresinden bize ula\u015f\u0131n\u0131z. \u0130ade etmek istedi\u011finiz \u00fcr\u00fcn\u00fcn kullan\u0131lmam\u0131\u015f, hasar g\u00f6rmemi\u015f ve etiketinin \u00e7\u0131kar\u0131lmam\u0131\u015f [&hellip;]<\/p>","protected":false},"author":1,"featured_media":0,"parent":0,"menu_order":0,"comment_status":"closed","ping_status":"closed","template":"","meta":{"footnotes":""},"class_list":["post-5734","page","type-page","status-publish","hentry"],"yoast_head":"<!-- This site is optimized with the Yoast SEO plugin v21.9.1 - https:\/\/yoast.com\/wordpress\/plugins\/seo\/ -->\n<title>\u0130ade Politikas\u0131 | SOU-BA<\/title>\n<meta name=\"robots\" content=\"index, follow, max-snippet:-1, max-image-preview:large, max-video-preview:-1\" \/>\n<link rel=\"canonical\" href=\"https:\/\/souba.com.tr\/en\/iade-politikasi\/\" \/>\n<meta property=\"og:locale\" content=\"en_US\" \/>\n<meta property=\"og:type\" content=\"article\" \/>\n<meta property=\"og:title\" content=\"\u0130ade Politikas\u0131 | SOU-BA\" \/>\n<meta property=\"og:description\" content=\"\u0130ade &amp; De\u011fi\u015fim souba.com.tr\u2019den sat\u0131n ald\u0131\u011f\u0131n\u0131z \u00fcr\u00fcnleri sipari\u015f tarihinden itibaren 15 g\u00fcn i\u00e7inde iade talebinde bulunabilirsiniz. \u00dcr\u00fcnlerimizde de\u011fi\u015fim yap\u0131lmamaktad\u0131r. -\u015eartlar&nbsp; \u0130ade i\u015fleminizin ba\u015flat\u0131lmas\u0131 i\u00e7in l\u00fctfen \u00f6ncelikle info@souba.com.tr adresinden bize ula\u015f\u0131n\u0131z. \u0130ade etmek istedi\u011finiz \u00fcr\u00fcn\u00fcn kullan\u0131lmam\u0131\u015f, hasar g\u00f6rmemi\u015f ve etiketinin \u00e7\u0131kar\u0131lmam\u0131\u015f [&hellip;]\" \/>\n<meta property=\"og:url\" content=\"https:\/\/souba.com.tr\/en\/iade-politikasi\/\" \/>\n<meta property=\"og:site_name\" content=\"SOU-BA\" \/>\n<meta property=\"article:modified_time\" content=\"2020-10-01T15:06:17+00:00\" \/>\n<meta name=\"twitter:card\" content=\"summary_large_image\" \/>\n<meta name=\"twitter:label1\" content=\"Est. reading time\" \/>\n\t<meta name=\"twitter:data1\" content=\"1 minute\" \/>\n<script type=\"application\/ld+json\" class=\"yoast-schema-graph\">{\"@context\":\"https:\/\/schema.org\",\"@graph\":[{\"@type\":\"WebPage\",\"@id\":\"https:\/\/souba.com.tr\/iade-politikasi\/\",\"url\":\"https:\/\/souba.com.tr\/iade-politikasi\/\",\"name\":\"\u0130ade Politikas\u0131 | SOU-BA\",\"isPartOf\":{\"@id\":\"https:\/\/souba.com.tr\/#website\"},\"datePublished\":\"2020-10-01T15:06:16+00:00\",\"dateModified\":\"2020-10-01T15:06:17+00:00\",\"breadcrumb\":{\"@id\":\"https:\/\/souba.com.tr\/iade-politikasi\/#breadcrumb\"},\"inLanguage\":\"en-US\",\"potentialAction\":[{\"@type\":\"ReadAction\",\"target\":[\"https:\/\/souba.com.tr\/iade-politikasi\/\"]}]},{\"@type\":\"BreadcrumbList\",\"@id\":\"https:\/\/souba.com.tr\/iade-politikasi\/#breadcrumb\",\"itemListElement\":[{\"@type\":\"ListItem\",\"position\":1,\"name\":\"Ana sayfa\",\"item\":\"https:\/\/souba.com.tr\/\"},{\"@type\":\"ListItem\",\"position\":2,\"name\":\"\u0130ade Politikas\u0131\"}]},{\"@type\":\"WebSite\",\"@id\":\"https:\/\/souba.com.tr\/#website\",\"url\":\"https:\/\/souba.com.tr\/\",\"name\":\"SOU-BA\",\"description\":\"Follow your soul, it will find your bag.\",\"potentialAction\":[{\"@type\":\"SearchAction\",\"target\":{\"@type\":\"EntryPoint\",\"urlTemplate\":\"https:\/\/souba.com.tr\/?s={search_term_string}\"},\"query-input\":\"required name=search_term_string\"}],\"inLanguage\":\"en-US\"}]}<\/script>\n<!-- \/ Yoast SEO plugin. -->","yoast_head_json":{"title":"\u0130ade Politikas\u0131 | SOU-BA","robots":{"index":"index","follow":"follow","max-snippet":"max-snippet:-1","max-image-preview":"max-image-preview:large","max-video-preview":"max-video-preview:-1"},"canonical":"https:\/\/souba.com.tr\/en\/iade-politikasi\/","og_locale":"en_US","og_type":"article","og_title":"\u0130ade Politikas\u0131 | SOU-BA","og_description":"\u0130ade &amp; De\u011fi\u015fim souba.com.tr\u2019den sat\u0131n ald\u0131\u011f\u0131n\u0131z \u00fcr\u00fcnleri sipari\u015f tarihinden itibaren 15 g\u00fcn i\u00e7inde iade talebinde bulunabilirsiniz. \u00dcr\u00fcnlerimizde de\u011fi\u015fim yap\u0131lmamaktad\u0131r. -\u015eartlar&nbsp; \u0130ade i\u015fleminizin ba\u015flat\u0131lmas\u0131 i\u00e7in l\u00fctfen \u00f6ncelikle info@souba.com.tr adresinden bize ula\u015f\u0131n\u0131z. \u0130ade etmek istedi\u011finiz \u00fcr\u00fcn\u00fcn kullan\u0131lmam\u0131\u015f, hasar g\u00f6rmemi\u015f ve etiketinin \u00e7\u0131kar\u0131lmam\u0131\u015f [&hellip;]","og_url":"https:\/\/souba.com.tr\/en\/iade-politikasi\/","og_site_name":"SOU-BA","article_modified_time":"2020-10-01T15:06:17+00:00","twitter_card":"summary_large_image","twitter_misc":{"Est. reading time":"1 minute"},"schema":{"@context":"https:\/\/schema.org","@graph":[{"@type":"WebPage","@id":"https:\/\/souba.com.tr\/iade-politikasi\/","url":"https:\/\/souba.com.tr\/iade-politikasi\/","name":"\u0130ade Politikas\u0131 | SOU-BA","isPartOf":{"@id":"https:\/\/souba.com.tr\/#website"},"datePublished":"2020-10-01T15:06:16+00:00","dateModified":"2020-10-01T15:06:17+00:00","breadcrumb":{"@id":"https:\/\/souba.com.tr\/iade-politikasi\/#breadcrumb"},"inLanguage":"en-US","potentialAction":[{"@type":"ReadAction","target":["https:\/\/souba.com.tr\/iade-politikasi\/"]}]},{"@type":"BreadcrumbList","@id":"https:\/\/souba.com.tr\/iade-politikasi\/#breadcrumb","itemListElement":[{"@type":"ListItem","position":1,"name":"Ana sayfa","item":"https:\/\/souba.com.tr\/"},{"@type":"ListItem","position":2,"name":"\u0130ade Politikas\u0131"}]},{"@type":"WebSite","@id":"https:\/\/souba.com.tr\/#website","url":"https:\/\/souba.com.tr\/","name":"SOU-BA","description":"Follow your soul, it will find your bag.","potentialAction":[{"@type":"SearchAction","target":{"@type":"EntryPoint","urlTemplate":"https:\/\/souba.com.tr\/?s={search_term_string}"},"query-input":"required name=search_term_string"}],"inLanguage":"en-US"}]}},"_links":{"self":[{"href":"https:\/\/souba.com.tr\/en\/wp-json\/wp\/v2\/pages\/5734","targetHints":{"allow":["GET"]}}],"collection":[{"href":"https:\/\/souba.com.tr\/en\/wp-json\/wp\/v2\/pages"}],"about":[{"href":"https:\/\/souba.com.tr\/en\/wp-json\/wp\/v2\/types\/page"}],"author":[{"embeddable":true,"href":"https:\/\/souba.com.tr\/en\/wp-json\/wp\/v2\/users\/1"}],"replies":[{"embeddable":true,"href":"https:\/\/souba.com.tr\/en\/wp-json\/wp\/v2\/comments?post=5734"}],"version-history":[{"count":1,"href":"https:\/\/souba.com.tr\/en\/wp-json\/wp\/v2\/pages\/5734\/revisions"}],"predecessor-version":[{"id":5735,"href":"https:\/\/souba.com.tr\/en\/wp-json\/wp\/v2\/pages\/5734\/revisions\/5735"}],"wp:attachment":[{"href":"https:\/\/souba.com.tr\/en\/wp-json\/wp\/v2\/media?parent=5734"}],"curies":[{"name":"wp","href":"https:\/\/api.w.org\/{rel}","templated":true}]}}