{"id":6784,"date":"2021-06-03T13:19:55","date_gmt":"2021-06-03T10:19:55","guid":{"rendered":"http:\/\/souba.com.tr\/?page_id=6784"},"modified":"2021-06-03T13:19:56","modified_gmt":"2021-06-03T10:19:56","slug":"gonderim-politikasi","status":"publish","type":"page","link":"https:\/\/souba.com.tr\/en\/gonderim-politikasi\/","title":{"rendered":"Shipping"},"content":{"rendered":"<p>Shipping<\/p><p>We want you to have your new SOU-BA as soon as possible, so in-stock items typically ship out 1-2 business days after the order is placed.<\/p><p>Packages will arrive to your door via DHL or UPS.<\/p><p>Delivery takes between 2-14 business days depending on your location.<\/p><p>How can I track my order?<\/p><p>You will receive an automated email containing tracking information as soon as your order ships. Please note that it takes up to 48 hours for the first scan to appear, so please do not be alarmed if your package isn\u2019t immediately \u201cin transit.\u201d<\/p><p>TESL\u0130MAT ADRES\u0130N\u0130N DO\u011eRU G\u0130R\u0130LMES\u0130<\/p><p>In order for your order to reach you as quickly as possible, please write your address information as clearly as possible.<\/p><p>HATALI S\u0130PAR\u0130\u015eLER VE HASAR G\u00d6RM\u00dc\u015e KARGOLAR<\/p><p>Kargodan teslim ald\u0131\u011f\u0131n\u0131z paketi kargo g\u00f6revlisinin yan\u0131nda a\u00e7\u0131p, sipari\u015finizi kontrol ediniz. Herhangi bir yanl\u0131\u015fl\u0131k veya eksiklik g\u00f6rd\u00fc\u011f\u00fcn\u00fcz takdirde derhal bizimle irtibata ge\u00e7iniz. Hatal\u0131 ya da sorunlu kargo yada \u00fcr\u00fcn\u00fc teslim almay\u0131n\u0131z. Kargonuzu teslim ald\u0131ktan sonra 2 saat i\u00e7erisinde taraf\u0131m\u0131za bildirmi\u015f oldu\u011funuz hasarl\u0131 \u00fcr\u00fcnlerde taraf\u0131m\u0131zca gereken yap\u0131lacakt\u0131r.<\/p><p>Kargodan teslim ald\u0131\u011f\u0131n\u0131z paketi kargo g\u00f6revlisinin yan\u0131nda a\u00e7\u0131p, sipari\u015finizi kontrol ediniz. E\u011fer \u00fcr\u00fcn\u00fcn\u00fczde ta\u015f\u0131ma esnas\u0131nda bir sorun olu\u015fmu\u015f ise, kargo yetkilisine \u201chasar tespit tutana\u011f\u0131\u201d tutturarak, iade ediniz.<\/p>","protected":false},"excerpt":{"rendered":"<p>KARGOYA VER\u0130LME S\u00dcRES\u0130 G\u00f6nderilerimizi \u0130stanbul\u2019daki depomuzdan yapmaktay\u0131z. Haftai\u00e7i saat 16:00\u2019a kadar verilen sipari\u015fler ertesi g\u00fcn, Cumartesi ve Pazar &nbsp;g\u00fcnleri verilen sipari\u015fler ise Sal\u0131 g\u00fcn\u00fc kargoya teslim edilmektedir. Resmi bayram ve tatillerde verilen sipari\u015fler, sipari\u015fi takiben en yak\u0131n ilk i\u015f g\u00fcn\u00fcnde [&hellip;]<\/p>","protected":false},"author":1,"featured_media":0,"parent":0,"menu_order":0,"comment_status":"closed","ping_status":"closed","template":"","meta":{"footnotes":""},"class_list":["post-6784","page","type-page","status-publish","hentry"],"yoast_head":"<!-- This site is optimized with the Yoast SEO plugin v21.9.1 - https:\/\/yoast.com\/wordpress\/plugins\/seo\/ -->\n<title>G\u00f6nderim Politikas\u0131 | SOU-BA<\/title>\n<meta name=\"robots\" content=\"index, follow, max-snippet:-1, max-image-preview:large, max-video-preview:-1\" \/>\n<link rel=\"canonical\" href=\"https:\/\/souba.com.tr\/en\/gonderim-politikasi\/\" \/>\n<meta property=\"og:locale\" content=\"en_US\" \/>\n<meta property=\"og:type\" content=\"article\" \/>\n<meta property=\"og:title\" content=\"G\u00f6nderim Politikas\u0131 | SOU-BA\" \/>\n<meta property=\"og:description\" content=\"KARGOYA VER\u0130LME S\u00dcRES\u0130 G\u00f6nderilerimizi \u0130stanbul\u2019daki depomuzdan yapmaktay\u0131z. Haftai\u00e7i saat 16:00\u2019a kadar verilen sipari\u015fler ertesi g\u00fcn, Cumartesi ve Pazar &nbsp;g\u00fcnleri verilen sipari\u015fler ise Sal\u0131 g\u00fcn\u00fc kargoya teslim edilmektedir. Resmi bayram ve tatillerde verilen sipari\u015fler, sipari\u015fi takiben en yak\u0131n ilk i\u015f g\u00fcn\u00fcnde [&hellip;]\" \/>\n<meta property=\"og:url\" content=\"https:\/\/souba.com.tr\/en\/gonderim-politikasi\/\" \/>\n<meta property=\"og:site_name\" content=\"SOU-BA\" \/>\n<meta property=\"article:modified_time\" content=\"2021-06-03T10:19:56+00:00\" \/>\n<meta name=\"twitter:card\" content=\"summary_large_image\" \/>\n<meta name=\"twitter:label1\" content=\"Est. reading time\" \/>\n\t<meta name=\"twitter:data1\" content=\"1 minute\" \/>\n<script type=\"application\/ld+json\" class=\"yoast-schema-graph\">{\"@context\":\"https:\/\/schema.org\",\"@graph\":[{\"@type\":\"WebPage\",\"@id\":\"https:\/\/souba.com.tr\/gonderim-politikasi\/\",\"url\":\"https:\/\/souba.com.tr\/gonderim-politikasi\/\",\"name\":\"G\u00f6nderim Politikas\u0131 | SOU-BA\",\"isPartOf\":{\"@id\":\"https:\/\/souba.com.tr\/#website\"},\"datePublished\":\"2021-06-03T10:19:55+00:00\",\"dateModified\":\"2021-06-03T10:19:56+00:00\",\"breadcrumb\":{\"@id\":\"https:\/\/souba.com.tr\/gonderim-politikasi\/#breadcrumb\"},\"inLanguage\":\"en-US\",\"potentialAction\":[{\"@type\":\"ReadAction\",\"target\":[\"https:\/\/souba.com.tr\/gonderim-politikasi\/\"]}]},{\"@type\":\"BreadcrumbList\",\"@id\":\"https:\/\/souba.com.tr\/gonderim-politikasi\/#breadcrumb\",\"itemListElement\":[{\"@type\":\"ListItem\",\"position\":1,\"name\":\"Ana sayfa\",\"item\":\"https:\/\/souba.com.tr\/\"},{\"@type\":\"ListItem\",\"position\":2,\"name\":\"G\u00f6nderim Politikas\u0131\"}]},{\"@type\":\"WebSite\",\"@id\":\"https:\/\/souba.com.tr\/#website\",\"url\":\"https:\/\/souba.com.tr\/\",\"name\":\"SOU-BA\",\"description\":\"Follow your soul, it will find your bag.\",\"potentialAction\":[{\"@type\":\"SearchAction\",\"target\":{\"@type\":\"EntryPoint\",\"urlTemplate\":\"https:\/\/souba.com.tr\/?s={search_term_string}\"},\"query-input\":\"required name=search_term_string\"}],\"inLanguage\":\"en-US\"}]}<\/script>\n<!-- \/ Yoast SEO plugin. -->","yoast_head_json":{"title":"G\u00f6nderim Politikas\u0131 | SOU-BA","robots":{"index":"index","follow":"follow","max-snippet":"max-snippet:-1","max-image-preview":"max-image-preview:large","max-video-preview":"max-video-preview:-1"},"canonical":"https:\/\/souba.com.tr\/en\/gonderim-politikasi\/","og_locale":"en_US","og_type":"article","og_title":"G\u00f6nderim Politikas\u0131 | SOU-BA","og_description":"KARGOYA VER\u0130LME S\u00dcRES\u0130 G\u00f6nderilerimizi \u0130stanbul\u2019daki depomuzdan yapmaktay\u0131z. Haftai\u00e7i saat 16:00\u2019a kadar verilen sipari\u015fler ertesi g\u00fcn, Cumartesi ve Pazar &nbsp;g\u00fcnleri verilen sipari\u015fler ise Sal\u0131 g\u00fcn\u00fc kargoya teslim edilmektedir. Resmi bayram ve tatillerde verilen sipari\u015fler, sipari\u015fi takiben en yak\u0131n ilk i\u015f g\u00fcn\u00fcnde [&hellip;]","og_url":"https:\/\/souba.com.tr\/en\/gonderim-politikasi\/","og_site_name":"SOU-BA","article_modified_time":"2021-06-03T10:19:56+00:00","twitter_card":"summary_large_image","twitter_misc":{"Est. reading time":"1 minute"},"schema":{"@context":"https:\/\/schema.org","@graph":[{"@type":"WebPage","@id":"https:\/\/souba.com.tr\/gonderim-politikasi\/","url":"https:\/\/souba.com.tr\/gonderim-politikasi\/","name":"G\u00f6nderim Politikas\u0131 | SOU-BA","isPartOf":{"@id":"https:\/\/souba.com.tr\/#website"},"datePublished":"2021-06-03T10:19:55+00:00","dateModified":"2021-06-03T10:19:56+00:00","breadcrumb":{"@id":"https:\/\/souba.com.tr\/gonderim-politikasi\/#breadcrumb"},"inLanguage":"en-US","potentialAction":[{"@type":"ReadAction","target":["https:\/\/souba.com.tr\/gonderim-politikasi\/"]}]},{"@type":"BreadcrumbList","@id":"https:\/\/souba.com.tr\/gonderim-politikasi\/#breadcrumb","itemListElement":[{"@type":"ListItem","position":1,"name":"Ana sayfa","item":"https:\/\/souba.com.tr\/"},{"@type":"ListItem","position":2,"name":"G\u00f6nderim Politikas\u0131"}]},{"@type":"WebSite","@id":"https:\/\/souba.com.tr\/#website","url":"https:\/\/souba.com.tr\/","name":"SOU-BA","description":"Follow your soul, it will find your bag.","potentialAction":[{"@type":"SearchAction","target":{"@type":"EntryPoint","urlTemplate":"https:\/\/souba.com.tr\/?s={search_term_string}"},"query-input":"required name=search_term_string"}],"inLanguage":"en-US"}]}},"_links":{"self":[{"href":"https:\/\/souba.com.tr\/en\/wp-json\/wp\/v2\/pages\/6784","targetHints":{"allow":["GET"]}}],"collection":[{"href":"https:\/\/souba.com.tr\/en\/wp-json\/wp\/v2\/pages"}],"about":[{"href":"https:\/\/souba.com.tr\/en\/wp-json\/wp\/v2\/types\/page"}],"author":[{"embeddable":true,"href":"https:\/\/souba.com.tr\/en\/wp-json\/wp\/v2\/users\/1"}],"replies":[{"embeddable":true,"href":"https:\/\/souba.com.tr\/en\/wp-json\/wp\/v2\/comments?post=6784"}],"version-history":[{"count":1,"href":"https:\/\/souba.com.tr\/en\/wp-json\/wp\/v2\/pages\/6784\/revisions"}],"predecessor-version":[{"id":6785,"href":"https:\/\/souba.com.tr\/en\/wp-json\/wp\/v2\/pages\/6784\/revisions\/6785"}],"wp:attachment":[{"href":"https:\/\/souba.com.tr\/en\/wp-json\/wp\/v2\/media?parent=6784"}],"curies":[{"name":"wp","href":"https:\/\/api.w.org\/{rel}","templated":true}]}}