{"id":705,"date":"2018-08-09T15:23:02","date_gmt":"2018-08-09T15:23:02","guid":{"rendered":"http:\/\/byanca.select-themes.com\/?page_id=705"},"modified":"2020-10-03T13:48:19","modified_gmt":"2020-10-03T10:48:19","slug":"iletisim","status":"publish","type":"page","link":"https:\/\/souba.com.tr\/en\/iletisim\/","title":{"rendered":"Contact"},"content":{"rendered":"<section class=\"wpb-content-wrapper\"><div class=\"qodef-row-grid-section-wrapper\"  ><div class=\"qodef-row-grid-section\"><div class=\"vc_row wpb_row vc_row-fluid vc_custom_1536151863290\" ><div class=\"wpb_column vc_column_container vc_col-sm-12 vc_col-lg-5 vc_col-md-12\"><div class=\"vc_column-inner\"><div class=\"wpb_wrapper\"><div class=\"vc_empty_space\"   style=\"height: 3px\"><span class=\"vc_empty_space_inner\"><\/span><\/div><div class=\"qodef-section-title-holder  qodef-st-standard\" >\n\t<div class=\"qodef-st-inner\">\n\t\t\t\t\t<h2 class=\"qodef-st-title\" >\n\t\t\t\tContact us\t\t\t<\/h2>\n\t\t\t\t\t\t\t\t\t\t<p class=\"qodef-st-text\" style=\"margin-top: 24px\">\n\t\t\t\tYou can reach us with our contact information below or leave a message via the contact form. We will reply your messages as soon as possible.\t\t\t<\/p>\n\t\t\t<\/div>\n<\/div><div class=\"vc_empty_space\"   style=\"height: 33px\"><span class=\"vc_empty_space_inner\"><\/span><\/div><div class=\"qodef-icon-list-holder\" >\n\t\t\t<span class=\"qodef-icon-list-no-link\">\n\t\t\t<div class=\"qodef-il-icon-holder\">\n\t\t\t<i class=\"qodef-icon-simple-line-icon icon-location-pin\" style=\"font-size: 13px\"><\/i>\t\t<\/div>\n\t\t<p class=\"qodef-il-text\" style=\"font-size: 14px\">Istanbul Caddesi No: 37 G\u00fclevleri Sitesi A \/ 1 Yesilkoy \/ Istanbul<\/p>\n\t\t\t<\/span>\n\t<\/div><div class=\"vc_empty_space\"   style=\"height: 0px\"><span class=\"vc_empty_space_inner\"><\/span><\/div><div class=\"qodef-icon-list-holder\" >\n\t\t\t<a itemprop=\"url\" href=\"mailto:info@souba.com.tr\" target=\"_self\">\n\t\t\t<div class=\"qodef-il-icon-holder\">\n\t\t\t<i class=\"qodef-icon-simple-line-icon icon-envelope\" style=\"font-size: 13px\"><\/i>\t\t<\/div>\n\t\t<p class=\"qodef-il-text\" style=\"font-size: 14px\">info@souba.com.tr<\/p>\n\t\t\t<\/a>\n\t<\/div><div class=\"vc_empty_space\"   style=\"height: 23px\"><span class=\"vc_empty_space_inner\"><\/span><\/div>\n\t<div class=\"wpb_text_column wpb_content_element\" >\n\t\t<div class=\"wpb_wrapper\">\n\t\t\t<p>Our social media accounts:<\/p>\n\n\t\t<\/div>\n\t<\/div>\n<div  class=\"wpb_widgetised_column wpb_content_element\">\n\t\t<div class=\"wpb_wrapper\">\n\t\t\t\n\t\t\t<div class=\"widget qodef-social-icons-group-widget text-align-left\">\t\t\t\t                    <a class=\"qodef-social-icon-widget-holder qodef-icon-has-hover\" data-hover-color=\"#d3d3d3\" style=\"font-size: 16px;margin: 6px 15px 0px 0px;\"                       href=\"https:\/\/www.instagram.com\/soubaofficial\/\" target=\"_blank\">\n\t\t\t\t\t\t<span class=\"qodef-social-icon-widget fab fa-instagram\"><\/span>                    <\/a>\n\t\t\t\t\t\t\t\t                    <a class=\"qodef-social-icon-widget-holder qodef-icon-has-hover\" data-hover-color=\"#d3d3d3\" style=\"font-size: 16px;margin: 6px 15px 0px 0px;\"                       href=\"https:\/\/www.facebook.com\/soubaofficial\/\" target=\"_blank\">\n\t\t\t\t\t\t<span class=\"qodef-social-icon-widget fab fa-facebook\"><\/span>                    <\/a>\n\t\t\t\t\t\t\t\t                    <a class=\"qodef-social-icon-widget-holder qodef-icon-has-hover\" data-hover-color=\"#d3d3d3\" style=\"font-size: 16px;margin: 6px 15px 0px 0px;\"                       href=\"https:\/\/tr.pinterest.com\/soubaofficial\" target=\"_blank\">\n\t\t\t\t\t\t<span class=\"qodef-social-icon-widget fab fa-pinterest-p\"><\/span>                    <\/a>\n\t\t\t\t\t\t\t\t\t\t\t\t\t\t\t\t<\/div>\n\t\t<\/div>\n\t<\/div>\n<div class=\"vc_empty_space\"   style=\"height: 40px\"><span class=\"vc_empty_space_inner\"><\/span><\/div><\/div><\/div><\/div><div class=\"wpb_column vc_column_container vc_col-sm-12 vc_col-lg-7 vc_col-md-12\"><div class=\"vc_column-inner\"><div class=\"wpb_wrapper\">\n\t<div class=\"wpb_text_column wpb_content_element  vc_custom_1601560827767\" >\n\t\t<div class=\"wpb_wrapper\">\n\t\t\t<h5>contact form<\/h5>\n\n\t\t<\/div>\n\t<\/div>\n<div class=\"vc_empty_space\"   style=\"height: 32px\"><span class=\"vc_empty_space_inner\"><\/span><\/div><p class=\"wpcf7-contact-form-not-found\"><strong>Error:<\/strong> Contact form not found.<\/p><\/div><\/div><\/div><\/div><\/div><\/div><div class=\"vc_row wpb_row vc_row-fluid\" ><div class=\"wpb_column vc_column_container vc_col-sm-12\"><div class=\"vc_column-inner\"><div class=\"wpb_wrapper\"><div class=\"qodef-google-map-holder\">\n\t\t<div class=\"qodef-google-map\" id=\"qodef-map-2562497\" data-addresses='[\"\u0130stanbul Caddesi No:37 G\u00fclevleri Sitesi A\/1 Ye\u015filk\u00f6y\/\u0130stanbul\"]' data-custom-map-style=\"no\" data-color-overlay=\"#393939\" data-saturation=\"-100\" data-lightness=\"-60\" data-zoom=\"12\" data-pin=\"https:\/\/souba.com.tr\/wp-content\/uploads\/2018\/08\/png-img-1.png\" data-unique-id=\"2562497\" data-scroll-wheel=\"no\" data-height=\"507\" data-snazzy-map-style=\"yes\"><\/div>\n\t\t\t<input type=\"hidden\" class=\"qodef-snazzy-map\" value=\"`{`{``featureType``: ``water``,``elementType``: ``geometry``,``stylers``: `{`{``color``: ``#e9e9e9``},{``lightness``: 17}`}`},{``featureType``: ``landscape``,``elementType``: ``geometry``,``stylers``: `{`{``color``: ``#f5f5f5``},{``lightness``: 20}`}`},{``featureType``: ``road.highway``,``elementType``: ``geometry.fill``,``stylers``: `{`{``color``: ``#ffffff``},{``lightness``: 17}`}`},{``featureType``: ``road.highway``,``elementType``: ``geometry.stroke``,``stylers``: `{`{``color``: ``#ffffff``},{``lightness``: 29},{``weight``: 0.2}`}`},{``featureType``: ``road.arterial``,``elementType``: ``geometry``,``stylers``: `{`{``color``: ``#ffffff``},{``lightness``: 18}`}`},{``featureType``: ``road.local``,``elementType``: ``geometry``,``stylers``: `{`{``color``: ``#ffffff``},{``lightness``: 16}`}`},{``featureType``: ``poi``,``elementType``: ``geometry``,``stylers``: `{`{``color``: ``#f5f5f5``},{``lightness``: 21}`}`},{``featureType``: ``poi.park``,``elementType``: ``geometry``,``stylers``: `{`{``color``: ``#dedede``},{``lightness``: 21}`}`},{``elementType``: ``labels.text.stroke``,``stylers``: `{`{``visibility``: ``on``},{``color``: ``#ffffff``},{``lightness``: 16}`}`},{``elementType``: ``labels.text.fill``,``stylers``: `{`{``saturation``: 36},{``color``: ``#333333``},{``lightness``: 40}`}`},{``elementType``: ``labels.icon``,``stylers``: `{`{``visibility``: ``off``}`}`},{``featureType``: ``transit``,``elementType``: ``geometry``,``stylers``: `{`{``color``: ``#f2f2f2``},{``lightness``: 19}`}`},{``featureType``: ``administrative``,``elementType``: ``geometry.fill``,``stylers``: `{`{``color``: ``#fefefe``},{``lightness``: 20}`}`},{``featureType``: ``administrative``,``elementType``: ``geometry.stroke``,``stylers``: `{`{``color``: ``#fefefe``},{``lightness``: 17},{``weight``: 1.2}`}`}`}`\"\/>\n\t\t\t\t<div class=\"qodef-google-map-overlay\"><\/div>\n\t<\/div><\/div><\/div><\/div><\/div>\n<\/section>","protected":false},"excerpt":{"rendered":"bize ula\u015f\u0131n Bize a\u015fa\u011f\u0131daki ileti\u015fim bilgilerimiz ile ula\u015fabilir ya da ileti\u015fim formu arac\u0131l\u0131\u011f\u0131 ile mesaj b\u0131rakabilirsiniz. Mesajlar\u0131n\u0131z\u0131 en k\u0131sa s\u00fcrede yan\u0131tlayaca\u011f\u0131z. \u0130stanbul Caddesi No:37 G\u00fclevleri Sitesi A\/1 Ye\u015filk\u00f6y\/\u0130stanbul info@souba.com.tr Sosyal medya hesaplar\u0131m\u0131z: ileti\u015fim formu Error: Contact form not found.","protected":false},"author":1,"featured_media":0,"parent":0,"menu_order":0,"comment_status":"closed","ping_status":"closed","template":"full-width.php","meta":{"footnotes":""},"class_list":["post-705","page","type-page","status-publish","hentry"],"yoast_head":"<!-- This site is optimized with the Yoast SEO plugin v21.9.1 - https:\/\/yoast.com\/wordpress\/plugins\/seo\/ -->\n<title>\u0130leti\u015fim | SOU-BA<\/title>\n<meta name=\"robots\" content=\"index, follow, max-snippet:-1, max-image-preview:large, max-video-preview:-1\" \/>\n<link rel=\"canonical\" href=\"https:\/\/souba.com.tr\/en\/iletisim\/\" \/>\n<meta property=\"og:locale\" content=\"en_US\" \/>\n<meta property=\"og:type\" content=\"article\" \/>\n<meta property=\"og:title\" content=\"\u0130leti\u015fim | SOU-BA\" \/>\n<meta property=\"og:url\" content=\"https:\/\/souba.com.tr\/en\/iletisim\/\" \/>\n<meta property=\"og:site_name\" content=\"SOU-BA\" \/>\n<meta property=\"article:modified_time\" content=\"2020-10-03T10:48:19+00:00\" \/>\n<meta name=\"twitter:card\" content=\"summary_large_image\" \/>\n<meta name=\"twitter:label1\" content=\"Est. reading time\" \/>\n\t<meta name=\"twitter:data1\" content=\"2 minutes\" \/>\n<script type=\"application\/ld+json\" class=\"yoast-schema-graph\">{\"@context\":\"https:\/\/schema.org\",\"@graph\":[{\"@type\":\"WebPage\",\"@id\":\"https:\/\/souba.com.tr\/iletisim\/\",\"url\":\"https:\/\/souba.com.tr\/iletisim\/\",\"name\":\"\u0130leti\u015fim | SOU-BA\",\"isPartOf\":{\"@id\":\"https:\/\/souba.com.tr\/#website\"},\"datePublished\":\"2018-08-09T15:23:02+00:00\",\"dateModified\":\"2020-10-03T10:48:19+00:00\",\"breadcrumb\":{\"@id\":\"https:\/\/souba.com.tr\/iletisim\/#breadcrumb\"},\"inLanguage\":\"en-US\",\"potentialAction\":[{\"@type\":\"ReadAction\",\"target\":[\"https:\/\/souba.com.tr\/iletisim\/\"]}]},{\"@type\":\"BreadcrumbList\",\"@id\":\"https:\/\/souba.com.tr\/iletisim\/#breadcrumb\",\"itemListElement\":[{\"@type\":\"ListItem\",\"position\":1,\"name\":\"Ana sayfa\",\"item\":\"https:\/\/souba.com.tr\/\"},{\"@type\":\"ListItem\",\"position\":2,\"name\":\"\u0130leti\u015fim\"}]},{\"@type\":\"WebSite\",\"@id\":\"https:\/\/souba.com.tr\/#website\",\"url\":\"https:\/\/souba.com.tr\/\",\"name\":\"SOU-BA\",\"description\":\"Follow your soul, it will find your bag.\",\"potentialAction\":[{\"@type\":\"SearchAction\",\"target\":{\"@type\":\"EntryPoint\",\"urlTemplate\":\"https:\/\/souba.com.tr\/?s={search_term_string}\"},\"query-input\":\"required name=search_term_string\"}],\"inLanguage\":\"en-US\"}]}<\/script>\n<!-- \/ Yoast SEO plugin. -->","yoast_head_json":{"title":"\u0130leti\u015fim | SOU-BA","robots":{"index":"index","follow":"follow","max-snippet":"max-snippet:-1","max-image-preview":"max-image-preview:large","max-video-preview":"max-video-preview:-1"},"canonical":"https:\/\/souba.com.tr\/en\/iletisim\/","og_locale":"en_US","og_type":"article","og_title":"\u0130leti\u015fim | SOU-BA","og_url":"https:\/\/souba.com.tr\/en\/iletisim\/","og_site_name":"SOU-BA","article_modified_time":"2020-10-03T10:48:19+00:00","twitter_card":"summary_large_image","twitter_misc":{"Est. reading time":"2 minutes"},"schema":{"@context":"https:\/\/schema.org","@graph":[{"@type":"WebPage","@id":"https:\/\/souba.com.tr\/iletisim\/","url":"https:\/\/souba.com.tr\/iletisim\/","name":"\u0130leti\u015fim | SOU-BA","isPartOf":{"@id":"https:\/\/souba.com.tr\/#website"},"datePublished":"2018-08-09T15:23:02+00:00","dateModified":"2020-10-03T10:48:19+00:00","breadcrumb":{"@id":"https:\/\/souba.com.tr\/iletisim\/#breadcrumb"},"inLanguage":"en-US","potentialAction":[{"@type":"ReadAction","target":["https:\/\/souba.com.tr\/iletisim\/"]}]},{"@type":"BreadcrumbList","@id":"https:\/\/souba.com.tr\/iletisim\/#breadcrumb","itemListElement":[{"@type":"ListItem","position":1,"name":"Ana sayfa","item":"https:\/\/souba.com.tr\/"},{"@type":"ListItem","position":2,"name":"\u0130leti\u015fim"}]},{"@type":"WebSite","@id":"https:\/\/souba.com.tr\/#website","url":"https:\/\/souba.com.tr\/","name":"SOU-BA","description":"Follow your soul, it will find your bag.","potentialAction":[{"@type":"SearchAction","target":{"@type":"EntryPoint","urlTemplate":"https:\/\/souba.com.tr\/?s={search_term_string}"},"query-input":"required name=search_term_string"}],"inLanguage":"en-US"}]}},"_links":{"self":[{"href":"https:\/\/souba.com.tr\/en\/wp-json\/wp\/v2\/pages\/705","targetHints":{"allow":["GET"]}}],"collection":[{"href":"https:\/\/souba.com.tr\/en\/wp-json\/wp\/v2\/pages"}],"about":[{"href":"https:\/\/souba.com.tr\/en\/wp-json\/wp\/v2\/types\/page"}],"author":[{"embeddable":true,"href":"https:\/\/souba.com.tr\/en\/wp-json\/wp\/v2\/users\/1"}],"replies":[{"embeddable":true,"href":"https:\/\/souba.com.tr\/en\/wp-json\/wp\/v2\/comments?post=705"}],"version-history":[{"count":6,"href":"https:\/\/souba.com.tr\/en\/wp-json\/wp\/v2\/pages\/705\/revisions"}],"predecessor-version":[{"id":5913,"href":"https:\/\/souba.com.tr\/en\/wp-json\/wp\/v2\/pages\/705\/revisions\/5913"}],"wp:attachment":[{"href":"https:\/\/souba.com.tr\/en\/wp-json\/wp\/v2\/media?parent=705"}],"curies":[{"name":"wp","href":"https:\/\/api.w.org\/{rel}","templated":true}]}}