{"id":843,"date":"2018-08-10T11:06:28","date_gmt":"2018-08-10T11:06:28","guid":{"rendered":"http:\/\/byanca.select-themes.com\/?page_id=843"},"modified":"2020-10-05T14:18:59","modified_gmt":"2020-10-05T11:18:59","slug":"hakkimizda","status":"publish","type":"page","link":"https:\/\/souba.com.tr\/en\/hakkimizda\/","title":{"rendered":"About us"},"content":{"rendered":"<section class=\"wpb-content-wrapper\"><div class=\"qodef-row-grid-section-wrapper\"  ><div class=\"qodef-row-grid-section\"><div class=\"vc_row wpb_row vc_row-fluid vc_custom_1601560703978\" ><div class=\"wpb_column vc_column_container vc_col-sm-12\"><div class=\"vc_column-inner\"><div class=\"wpb_wrapper\"><div class=\"qodef-elements-holder   qodef-two-columns  qodef-responsive-mode-768\" ><div class=\"qodef-eh-item\" data-item-class=\"qodef-eh-custom-3543\" data-769-1024=\"0px 90px 0px 0px\" data-681-768=\"0px 0px 0px 0px\" data-680=\"0px 0px 0px 0px\">\n\t\t<div class=\"qodef-eh-item-bgrnd\" ><\/div>\n\t<div class=\"qodef-eh-item-inner\">\n\t\t<div class=\"qodef-eh-item-content qodef-eh-custom-3543\" style=\"padding: 19px 116px 0px 0px\">\n\t\t\t\n\t<div class=\"wpb_text_column wpb_content_element\" >\n\t\t<div class=\"wpb_wrapper\">\n\t\t\t<h2>our story<\/h2>\n\n\t\t<\/div>\n\t<\/div>\n<div class=\"vc_empty_space\"   style=\"height: 10px\"><span class=\"vc_empty_space_inner\"><\/span><\/div>\n\t<div class=\"wpb_text_column wpb_content_element\" >\n\t\t<div class=\"wpb_wrapper\">\n\t\t\t<p>Aiming to be a sustainable and luxury fashion brand, SOU-BA takes its name from Soul Bag. Based on a viewpoint that includes not only the concrete but also the spirit, SOU-BA comes up with the motto; \u2018Follow your soul, it will find your bag.\u2019 SOU-BA draws a woman profile which is unique, a piece of rebel, as different as possible, and has a completely free spirit.\n\nAdopting the idea of \"Slow Fashion\" in terms of sustainability, it aims to be by your side by carrying the best quality and elegance to its designs.<\/p>\n\n\t\t<\/div>\n\t<\/div>\n<div class=\"vc_empty_space\"   style=\"height: 24px\"><span class=\"vc_empty_space_inner\"><\/span><\/div><a itemprop=\"url\" href=\"http:\/\/souba.com.tr\/en\/shop\/\" target=\"_self\" style=\"padding: 10px 35px 10px 35px\" class=\"qodef-btn qodef-btn-small qodef-btn-outline\"  >\n    <span class=\"qodef-btn-text\">All products<\/span>\n    <\/a><div class=\"vc_empty_space\"   style=\"height: 50px\"><span class=\"vc_empty_space_inner\"><\/span><\/div>\t\t<\/div>\n\t<\/div>\n<\/div><div class=\"qodef-eh-item\" data-item-class=\"qodef-eh-custom-7364\">\n\t\t<div class=\"qodef-eh-item-bgrnd\" ><\/div>\n\t<div class=\"qodef-eh-item-inner\">\n\t\t<div class=\"qodef-eh-item-content qodef-eh-custom-7364\" style=\"padding: 0px 0px 0px 0px\">\n\t\t\t\n\t<div  class=\"wpb_single_image wpb_content_element vc_align_left\">\n\t\t\n\t\t<figure class=\"wpb_wrapper vc_figure\">\n\t\t\t<div class=\"vc_single_image-wrapper   vc_box_border_grey\"><img decoding=\"async\" width=\"2000\" height=\"1125\" src=\"https:\/\/souba.com.tr\/wp-content\/uploads\/2020\/10\/giris.2..jpg\" class=\"vc_single_image-img attachment-full\" alt=\"\" title=\"introduction. 2.\" srcset=\"https:\/\/souba.com.tr\/wp-content\/uploads\/2020\/10\/giris.2..jpg 2000w, https:\/\/souba.com.tr\/wp-content\/uploads\/2020\/10\/giris.2.-300x169.jpg 300w, https:\/\/souba.com.tr\/wp-content\/uploads\/2020\/10\/giris.2.-1024x576.jpg 1024w, https:\/\/souba.com.tr\/wp-content\/uploads\/2020\/10\/giris.2.-768x432.jpg 768w, https:\/\/souba.com.tr\/wp-content\/uploads\/2020\/10\/giris.2.-1536x864.jpg 1536w, https:\/\/souba.com.tr\/wp-content\/uploads\/2020\/10\/giris.2.-600x338.jpg 600w\" sizes=\"(max-width: 2000px) 100vw, 2000px\" \/><\/div>\n\t\t<\/figure>\n\t<\/div>\n\t\t<\/div>\n\t<\/div>\n<\/div><\/div><\/div><\/div><\/div><\/div><\/div><\/div><div class=\"qodef-row-grid-section-wrapper\"  ><div class=\"qodef-row-grid-section\"><div class=\"vc_row wpb_row vc_row-fluid vc_custom_1601560700102\" ><div class=\"wpb_column vc_column_container vc_col-sm-12\"><div class=\"vc_column-inner\"><div class=\"wpb_wrapper\"><div class=\"vc_separator wpb_content_element vc_separator_align_center vc_sep_width_20 vc_sep_pos_align_center vc_separator_no_text\" ><span class=\"vc_sep_holder vc_sep_holder_l\"><span style=\"border-color:#e2e2e2;\" class=\"vc_sep_line\"><\/span><\/span><span class=\"vc_sep_holder vc_sep_holder_r\"><span style=\"border-color:#e2e2e2;\" class=\"vc_sep_line\"><\/span><\/span>\n<\/div><div class=\"vc_empty_space\"   style=\"height: 30px\"><span class=\"vc_empty_space_inner\"><\/span><\/div>\n\t<div  class=\"wpb_single_image wpb_content_element vc_align_center\">\n\t\t\n\t\t<figure class=\"wpb_wrapper vc_figure\">\n\t\t\t<div class=\"vc_single_image-wrapper   vc_box_border_grey\"><img decoding=\"async\" width=\"29\" height=\"25\" src=\"https:\/\/souba.com.tr\/wp-content\/uploads\/2018\/08\/quotes-testimonials-img-1.png\" class=\"vc_single_image-img attachment-full\" alt=\"d\" title=\"quotes-testimonials-img-1\" \/><\/div>\n\t\t<\/figure>\n\t<\/div>\n<div class=\"vc_empty_space\"   style=\"height: 30px\"><span class=\"vc_empty_space_inner\"><\/span><\/div>\n\t<div class=\"wpb_text_column wpb_content_element\" >\n\t\t<div class=\"wpb_wrapper\">\n\t\t\t<p style=\"text-align: center;\">SOU-BA is a brand that takes its strength from women and its inspiration from the modernism of daily life. SOU-BA is on its way to become an indispensable part of women who does not give compromise from their style in daily life and also nourishing their soul.<\/p>\n<p style=\"text-align: center;\">All products of the SOU-BA brand are produced by local producers in Istanbul with 100% calf leather by the masters of the business. Each piece designed with care contains the value of domestic production and a lot of love.<\/p>\n\n\t\t<\/div>\n\t<\/div>\n<div class=\"vc_empty_space\"   style=\"height: 104px\"><span class=\"vc_empty_space_inner\"><\/span><\/div><div class=\"vc_separator wpb_content_element vc_separator_align_center vc_sep_width_20 vc_sep_pos_align_center vc_separator_no_text\" ><span class=\"vc_sep_holder vc_sep_holder_l\"><span style=\"border-color:#e2e2e2;\" class=\"vc_sep_line\"><\/span><\/span><span class=\"vc_sep_holder vc_sep_holder_r\"><span style=\"border-color:#e2e2e2;\" class=\"vc_sep_line\"><\/span><\/span>\n<\/div><\/div><\/div><\/div><\/div><\/div><\/div><div class=\"vc_row wpb_row vc_row-fluid\" ><div class=\"wpb_column vc_column_container vc_col-sm-12\"><div class=\"vc_column-inner\"><div class=\"wpb_wrapper\"><div class=\"qodef-video-button-holder  qodef-vb-has-img\">\n\t<div class=\"qodef-video-button-image\">\n\t\t<img decoding=\"async\" width=\"1920\" height=\"729\" src=\"https:\/\/souba.com.tr\/wp-content\/uploads\/2020\/10\/soubacover.jpg\" class=\"attachment-full size-full\" alt=\"\" srcset=\"https:\/\/souba.com.tr\/wp-content\/uploads\/2020\/10\/soubacover.jpg 1920w, https:\/\/souba.com.tr\/wp-content\/uploads\/2020\/10\/soubacover-300x114.jpg 300w, https:\/\/souba.com.tr\/wp-content\/uploads\/2020\/10\/soubacover-1024x389.jpg 1024w, https:\/\/souba.com.tr\/wp-content\/uploads\/2020\/10\/soubacover-768x292.jpg 768w, https:\/\/souba.com.tr\/wp-content\/uploads\/2020\/10\/soubacover-1536x583.jpg 1536w, https:\/\/souba.com.tr\/wp-content\/uploads\/2020\/10\/soubacover-600x228.jpg 600w\" sizes=\"(max-width: 1920px) 100vw, 1920px\" \/>\t<\/div>\n\t\t\t<a class=\"qodef-video-button-play-image\" href=\"https:\/\/vimeo.com\/463823406\" data-rel=\"prettyPhoto[video_button_pretty_photo_306]\">\n\t\t\t<span class=\"qodef-video-button-play-inner\">\n\t\t\t\t<img decoding=\"async\" width=\"60\" height=\"60\" src=\"https:\/\/souba.com.tr\/wp-content\/uploads\/2018\/08\/video-button.png\" class=\"attachment-full size-full\" alt=\"h\" \/>\t\t\t\t\t\t\t<\/span>\n\t\t<\/a>\n\t<\/div><\/div><\/div><\/div><\/div>\n<\/section>","protected":false},"excerpt":{"rendered":"hikayemiz S\u00fcrd\u00fcr\u00fclebilir ve l\u00fcks moda markas\u0131 olmay\u0131 ama\u00e7 edinen SOU-BA, ad\u0131n\u0131 Soul Bag den almaktad\u0131r. \u2018Follow your Soul, it will f\u0131nd your Bag.\u2019 mottosundan yola \u00e7\u0131karak sadece somut olan\u0131 de\u011fil ruhu da kapsayan bir bak\u0131\u015f a\u00e7\u0131s\u0131na dayanarak e\u015fsiz, bir par\u00e7a [...]","protected":false},"author":1,"featured_media":0,"parent":0,"menu_order":0,"comment_status":"closed","ping_status":"closed","template":"full-width.php","meta":{"footnotes":""},"class_list":["post-843","page","type-page","status-publish","hentry"],"yoast_head":"<!-- This site is optimized with the Yoast SEO plugin v21.9.1 - https:\/\/yoast.com\/wordpress\/plugins\/seo\/ -->\n<title>Hakk\u0131m\u0131zda | SOU-BA<\/title>\n<meta name=\"robots\" content=\"index, follow, max-snippet:-1, max-image-preview:large, max-video-preview:-1\" \/>\n<link rel=\"canonical\" href=\"https:\/\/souba.com.tr\/en\/hakkimizda\/\" \/>\n<meta property=\"og:locale\" content=\"en_US\" \/>\n<meta property=\"og:type\" content=\"article\" \/>\n<meta property=\"og:title\" content=\"Hakk\u0131m\u0131zda | SOU-BA\" \/>\n<meta property=\"og:url\" content=\"https:\/\/souba.com.tr\/en\/hakkimizda\/\" \/>\n<meta property=\"og:site_name\" content=\"SOU-BA\" \/>\n<meta property=\"article:modified_time\" content=\"2020-10-05T11:18:59+00:00\" \/>\n<meta name=\"twitter:card\" content=\"summary_large_image\" \/>\n<meta name=\"twitter:label1\" content=\"Est. reading time\" \/>\n\t<meta name=\"twitter:data1\" content=\"2 minutes\" \/>\n<script type=\"application\/ld+json\" class=\"yoast-schema-graph\">{\"@context\":\"https:\/\/schema.org\",\"@graph\":[{\"@type\":\"WebPage\",\"@id\":\"https:\/\/souba.com.tr\/hakkimizda\/\",\"url\":\"https:\/\/souba.com.tr\/hakkimizda\/\",\"name\":\"Hakk\u0131m\u0131zda | SOU-BA\",\"isPartOf\":{\"@id\":\"https:\/\/souba.com.tr\/#website\"},\"datePublished\":\"2018-08-10T11:06:28+00:00\",\"dateModified\":\"2020-10-05T11:18:59+00:00\",\"breadcrumb\":{\"@id\":\"https:\/\/souba.com.tr\/hakkimizda\/#breadcrumb\"},\"inLanguage\":\"en-US\",\"potentialAction\":[{\"@type\":\"ReadAction\",\"target\":[\"https:\/\/souba.com.tr\/hakkimizda\/\"]}]},{\"@type\":\"BreadcrumbList\",\"@id\":\"https:\/\/souba.com.tr\/hakkimizda\/#breadcrumb\",\"itemListElement\":[{\"@type\":\"ListItem\",\"position\":1,\"name\":\"Ana sayfa\",\"item\":\"https:\/\/souba.com.tr\/\"},{\"@type\":\"ListItem\",\"position\":2,\"name\":\"Hakk\u0131m\u0131zda\"}]},{\"@type\":\"WebSite\",\"@id\":\"https:\/\/souba.com.tr\/#website\",\"url\":\"https:\/\/souba.com.tr\/\",\"name\":\"SOU-BA\",\"description\":\"Follow your soul, it will find your bag.\",\"potentialAction\":[{\"@type\":\"SearchAction\",\"target\":{\"@type\":\"EntryPoint\",\"urlTemplate\":\"https:\/\/souba.com.tr\/?s={search_term_string}\"},\"query-input\":\"required name=search_term_string\"}],\"inLanguage\":\"en-US\"}]}<\/script>\n<!-- \/ Yoast SEO plugin. -->","yoast_head_json":{"title":"Hakk\u0131m\u0131zda | SOU-BA","robots":{"index":"index","follow":"follow","max-snippet":"max-snippet:-1","max-image-preview":"max-image-preview:large","max-video-preview":"max-video-preview:-1"},"canonical":"https:\/\/souba.com.tr\/en\/hakkimizda\/","og_locale":"en_US","og_type":"article","og_title":"Hakk\u0131m\u0131zda | SOU-BA","og_url":"https:\/\/souba.com.tr\/en\/hakkimizda\/","og_site_name":"SOU-BA","article_modified_time":"2020-10-05T11:18:59+00:00","twitter_card":"summary_large_image","twitter_misc":{"Est. reading time":"2 minutes"},"schema":{"@context":"https:\/\/schema.org","@graph":[{"@type":"WebPage","@id":"https:\/\/souba.com.tr\/hakkimizda\/","url":"https:\/\/souba.com.tr\/hakkimizda\/","name":"Hakk\u0131m\u0131zda | SOU-BA","isPartOf":{"@id":"https:\/\/souba.com.tr\/#website"},"datePublished":"2018-08-10T11:06:28+00:00","dateModified":"2020-10-05T11:18:59+00:00","breadcrumb":{"@id":"https:\/\/souba.com.tr\/hakkimizda\/#breadcrumb"},"inLanguage":"en-US","potentialAction":[{"@type":"ReadAction","target":["https:\/\/souba.com.tr\/hakkimizda\/"]}]},{"@type":"BreadcrumbList","@id":"https:\/\/souba.com.tr\/hakkimizda\/#breadcrumb","itemListElement":[{"@type":"ListItem","position":1,"name":"Ana sayfa","item":"https:\/\/souba.com.tr\/"},{"@type":"ListItem","position":2,"name":"Hakk\u0131m\u0131zda"}]},{"@type":"WebSite","@id":"https:\/\/souba.com.tr\/#website","url":"https:\/\/souba.com.tr\/","name":"SOU-BA","description":"Follow your soul, it will find your bag.","potentialAction":[{"@type":"SearchAction","target":{"@type":"EntryPoint","urlTemplate":"https:\/\/souba.com.tr\/?s={search_term_string}"},"query-input":"required name=search_term_string"}],"inLanguage":"en-US"}]}},"_links":{"self":[{"href":"https:\/\/souba.com.tr\/en\/wp-json\/wp\/v2\/pages\/843","targetHints":{"allow":["GET"]}}],"collection":[{"href":"https:\/\/souba.com.tr\/en\/wp-json\/wp\/v2\/pages"}],"about":[{"href":"https:\/\/souba.com.tr\/en\/wp-json\/wp\/v2\/types\/page"}],"author":[{"embeddable":true,"href":"https:\/\/souba.com.tr\/en\/wp-json\/wp\/v2\/users\/1"}],"replies":[{"embeddable":true,"href":"https:\/\/souba.com.tr\/en\/wp-json\/wp\/v2\/comments?post=843"}],"version-history":[{"count":12,"href":"https:\/\/souba.com.tr\/en\/wp-json\/wp\/v2\/pages\/843\/revisions"}],"predecessor-version":[{"id":6034,"href":"https:\/\/souba.com.tr\/en\/wp-json\/wp\/v2\/pages\/843\/revisions\/6034"}],"wp:attachment":[{"href":"https:\/\/souba.com.tr\/en\/wp-json\/wp\/v2\/media?parent=843"}],"curies":[{"name":"wp","href":"https:\/\/api.w.org\/{rel}","templated":true}]}}