{"id":5888,"date":"2020-10-01T23:12:56","date_gmt":"2020-10-01T20:12:56","guid":{"rendered":"http:\/\/souba.com.tr\/?post_type=product&#038;p=5888"},"modified":"2025-09-18T10:04:25","modified_gmt":"2025-09-18T07:04:25","slug":"nino-kahve","status":"publish","type":"product","link":"https:\/\/souba.com.tr\/en\/product\/nino-kahve\/","title":{"rendered":"Nino Belt Bag - Mocha"},"content":{"rendered":"<section class=\"wpb-content-wrapper\"><div class=\"vc_row wpb_row vc_row-fluid vc_custom_1601581097481\" ><div class=\"wpb_column vc_column_container vc_col-sm-12\"><div class=\"vc_column-inner\"><div class=\"wpb_wrapper\"><div class=\"qodef-section-title-holder  qodef-st-standard\" >\n\t<div class=\"qodef-st-inner\">\n\t\t\t\t\t<h2 class=\"qodef-st-title\" >\n\t\t\t\tExpress Shipping\t\t\t<\/h2>\n\t\t\t\t\t\t\t\t<\/div>\n<\/div>\n\t<div class=\"wpb_text_column wpb_content_element\" >\n\t\t<div class=\"wpb_wrapper\">\n\t\t\t<p style=\"text-align: center;\">We offer express shipping service for all your orders.<\/p>\n<p style=\"text-align: center;\">After your order is shipped, you will receive it within 1-5 business days on average.<\/p>\n<p>&nbsp;<\/p>\n<p>&nbsp;<\/p>\n\n\t\t<\/div>\n\t<\/div>\n<div class=\"qodef-section-title-holder  qodef-st-standard\" >\n\t<div class=\"qodef-st-inner\">\n\t\t\t\t\t<h2 class=\"qodef-st-title\" >\n\t\t\t\tProduct Care\t\t\t<\/h2>\n\t\t\t\t\t\t\t\t<\/div>\n<\/div>\n\t<div class=\"wpb_text_column wpb_content_element\" >\n\t\t<div class=\"wpb_wrapper\">\n\t\t\t<p>We wish you to enjoy every SOU-BA bag you own and use it in the most beautiful days. You can take a look below for the longevity of your products;<\/p>\n<ul>\n<li>Be careful not to rub or scratch the product on abrasive surfaces.<\/li>\n<li>Protect the product form hard impacts. Do not expose your product to the direct sunlight and keep it away from the direct heat sources (such as iron, radiators, electric heater, etc.)<\/li>\n<li>Do not leave newspapers or magazines on the product as the ink may penetrate and leave permanent stains to the leather products.<\/li>\n<li>Avoid contact of products with any clothe that may transmit the dark paint.<\/li>\n<li>Avoid contact with greasy substances, cosmetics, perfumes, hydro-alcoholic solutions and any material that may transfer color pigments to the product.<\/li>\n<li>Keep your product away from water and humid environment.<\/li>\n<li>In case of soiling or dampening on the surface, dry the product with a clean, lint free, light colored, absorbent cloth. Never use soap or chemical solvents.<\/li>\n<li>Leather products must not be washed in the washing machine and must not come into contact with chemicals such as detergents.<\/li>\n<li>Any leather product that does not have a \u201cwaterproof\u201d sign and designation can allow penetration of water. Leather has pores and it is a breathing, living material. Therefore, when the product used while raining or snowing, it may leak water in. Therefore, water stains may occur.<\/li>\n<li>To protect your product, please store it in the protective sleeve supplied with the product.<\/li>\n<\/ul>\n\n\t\t<\/div>\n\t<\/div>\n<\/div><\/div><\/div><\/div><div class=\"vc_row wpb_row vc_row-fluid\" ><div class=\"wpb_column vc_column_container vc_col-sm-12\"><div class=\"vc_column-inner\"><div class=\"wpb_wrapper\"><\/div><\/div><\/div><\/div>\n<\/section>","protected":false},"excerpt":{"rendered":"<h6>Nino is the brand\u2019s first iconic belt bag. It can adapt to any waist size with its adjustable and detachable leather waist strap. When the leather waist strap is removed, it can be used as a mini shoulder bag or an elegant handbag with its chain. Also, the leather waist strap can be used as a belt by itself. It has a practical opening-closing system with the magnet inside.<\/h6>\n<ul>\n<li>Handcrafted from 100% calf leather<\/li>\n<li>w:18 h:9 d:3,5 cm<\/li>\n<li>Belt: min 70 &amp; max 99 cm<\/li>\n<li>Chain:52 cm<\/li>\n<li>1 inner pocket<\/li>\n<li>Comes with a dust bag<\/li>\n<\/ul>\n<p>&nbsp;<\/p>","protected":false},"featured_media":6136,"comment_status":"open","ping_status":"closed","template":"","meta":[],"product_brand":[],"product_cat":[72,76],"product_tag":[],"class_list":{"0":"post-5888","1":"product","2":"type-product","3":"status-publish","4":"has-post-thumbnail","6":"product_cat-cantalar","7":"product_cat-nino","9":"first","10":"instock","11":"taxable","12":"shipping-taxable","13":"purchasable","14":"product-type-simple"},"yoast_head":"<!-- This site is optimized with the Yoast SEO plugin v21.9.1 - https:\/\/yoast.com\/wordpress\/plugins\/seo\/ -->\n<title>Nino Bel \u00c7antas\u0131 - Kahve | SOU-BA<\/title>\n<meta name=\"robots\" content=\"index, follow, max-snippet:-1, max-image-preview:large, max-video-preview:-1\" \/>\n<link rel=\"canonical\" href=\"https:\/\/souba.com.tr\/en\/product\/nino-kahve\/\" \/>\n<meta property=\"og:locale\" content=\"en_US\" \/>\n<meta property=\"og:type\" content=\"article\" \/>\n<meta property=\"og:title\" content=\"Nino Bel \u00c7antas\u0131 - Kahve | SOU-BA\" \/>\n<meta property=\"og:description\" content=\"Nino modeli markan\u0131n ilk ikonik bel \u00e7antas\u0131d\u0131r. Ayarlanabilir ve \u00e7\u0131kar\u0131labilir sap\u0131 ile her bel \u00f6l\u00e7\u00fcs\u00fcne uyum sa\u011flayabilir. Deri bel sap\u0131 \u00e7\u0131kar\u0131ld\u0131\u011f\u0131nda zinciri sayesinde ister mini omuz \u00e7antas\u0131na, ister \u015f\u0131k bir el \u00e7antas\u0131na d\u00f6n\u00fc\u015ft\u00fcr\u00fclebilir. Ayr\u0131ca deri bel sap\u0131, \u00e7antadan \u00e7\u0131kart\u0131l\u0131p tek ba\u015f\u0131na kemer olarak da kullan\u0131labilir. \u0130\u00e7indeki m\u0131knat\u0131s sayesinde pratik bir a\u00e7-kapa sistemi vard\u0131r.   100% dana derisinden \u00fcretilmi\u015ftir.  g:18 y:9 d:3,5 cm  deri bel sap\u0131: min 70 &amp; max 99 cm  zincir: 52 cm  1 adet i\u00e7 cep  toz torbas\u0131 ile birlikte g\u00f6nderilir.  &nbsp;\" \/>\n<meta property=\"og:url\" content=\"https:\/\/souba.com.tr\/en\/product\/nino-kahve\/\" \/>\n<meta property=\"og:site_name\" content=\"SOU-BA\" \/>\n<meta property=\"article:modified_time\" content=\"2025-09-18T07:04:25+00:00\" \/>\n<meta property=\"og:image\" content=\"http:\/\/souba.com.tr\/wp-content\/uploads\/2020\/10\/NINO-Mocha.1-1.jpg\" \/>\n\t<meta property=\"og:image:width\" content=\"1800\" \/>\n\t<meta property=\"og:image:height\" content=\"1200\" \/>\n\t<meta property=\"og:image:type\" content=\"image\/jpeg\" \/>\n<meta name=\"twitter:card\" content=\"summary_large_image\" \/>\n<meta name=\"twitter:label1\" content=\"Est. reading time\" \/>\n\t<meta name=\"twitter:data1\" content=\"1 minute\" \/>\n<script type=\"application\/ld+json\" class=\"yoast-schema-graph\">{\"@context\":\"https:\/\/schema.org\",\"@graph\":[{\"@type\":\"WebPage\",\"@id\":\"https:\/\/souba.com.tr\/product\/nino-kahve\/\",\"url\":\"https:\/\/souba.com.tr\/product\/nino-kahve\/\",\"name\":\"Nino Bel \u00c7antas\u0131 - Kahve | SOU-BA\",\"isPartOf\":{\"@id\":\"https:\/\/souba.com.tr\/#website\"},\"datePublished\":\"2020-10-01T20:12:56+00:00\",\"dateModified\":\"2025-09-18T07:04:25+00:00\",\"breadcrumb\":{\"@id\":\"https:\/\/souba.com.tr\/product\/nino-kahve\/#breadcrumb\"},\"inLanguage\":\"en-US\",\"potentialAction\":[{\"@type\":\"ReadAction\",\"target\":[\"https:\/\/souba.com.tr\/product\/nino-kahve\/\"]}]},{\"@type\":\"BreadcrumbList\",\"@id\":\"https:\/\/souba.com.tr\/product\/nino-kahve\/#breadcrumb\",\"itemListElement\":[{\"@type\":\"ListItem\",\"position\":1,\"name\":\"Ana sayfa\",\"item\":\"https:\/\/souba.com.tr\/\"},{\"@type\":\"ListItem\",\"position\":2,\"name\":\"Ma\u011faza\",\"item\":\"https:\/\/souba.com.tr\/en\/magaza\/\"},{\"@type\":\"ListItem\",\"position\":3,\"name\":\"Nino Bel \u00c7antas\u0131 &#8211; Kahve\"}]},{\"@type\":\"WebSite\",\"@id\":\"https:\/\/souba.com.tr\/#website\",\"url\":\"https:\/\/souba.com.tr\/\",\"name\":\"SOU-BA\",\"description\":\"Follow your soul, it will find your bag.\",\"potentialAction\":[{\"@type\":\"SearchAction\",\"target\":{\"@type\":\"EntryPoint\",\"urlTemplate\":\"https:\/\/souba.com.tr\/?s={search_term_string}\"},\"query-input\":\"required name=search_term_string\"}],\"inLanguage\":\"en-US\"}]}<\/script>\n<!-- \/ Yoast SEO plugin. -->","yoast_head_json":{"title":"Nino Bel \u00c7antas\u0131 - Kahve | SOU-BA","robots":{"index":"index","follow":"follow","max-snippet":"max-snippet:-1","max-image-preview":"max-image-preview:large","max-video-preview":"max-video-preview:-1"},"canonical":"https:\/\/souba.com.tr\/en\/product\/nino-kahve\/","og_locale":"en_US","og_type":"article","og_title":"Nino Bel \u00c7antas\u0131 - Kahve | SOU-BA","og_description":"Nino modeli markan\u0131n ilk ikonik bel \u00e7antas\u0131d\u0131r. Ayarlanabilir ve \u00e7\u0131kar\u0131labilir sap\u0131 ile her bel \u00f6l\u00e7\u00fcs\u00fcne uyum sa\u011flayabilir. Deri bel sap\u0131 \u00e7\u0131kar\u0131ld\u0131\u011f\u0131nda zinciri sayesinde ister mini omuz \u00e7antas\u0131na, ister \u015f\u0131k bir el \u00e7antas\u0131na d\u00f6n\u00fc\u015ft\u00fcr\u00fclebilir. Ayr\u0131ca deri bel sap\u0131, \u00e7antadan \u00e7\u0131kart\u0131l\u0131p tek ba\u015f\u0131na kemer olarak da kullan\u0131labilir. \u0130\u00e7indeki m\u0131knat\u0131s sayesinde pratik bir a\u00e7-kapa sistemi vard\u0131r.   100% dana derisinden \u00fcretilmi\u015ftir.  g:18 y:9 d:3,5 cm  deri bel sap\u0131: min 70 &amp; max 99 cm  zincir: 52 cm  1 adet i\u00e7 cep  toz torbas\u0131 ile birlikte g\u00f6nderilir.  &nbsp;","og_url":"https:\/\/souba.com.tr\/en\/product\/nino-kahve\/","og_site_name":"SOU-BA","article_modified_time":"2025-09-18T07:04:25+00:00","og_image":[{"width":1800,"height":1200,"url":"http:\/\/souba.com.tr\/wp-content\/uploads\/2020\/10\/NINO-Mocha.1-1.jpg","type":"image\/jpeg"}],"twitter_card":"summary_large_image","twitter_misc":{"Est. reading time":"1 minute"},"schema":{"@context":"https:\/\/schema.org","@graph":[{"@type":"WebPage","@id":"https:\/\/souba.com.tr\/product\/nino-kahve\/","url":"https:\/\/souba.com.tr\/product\/nino-kahve\/","name":"Nino Bel \u00c7antas\u0131 - Kahve | SOU-BA","isPartOf":{"@id":"https:\/\/souba.com.tr\/#website"},"datePublished":"2020-10-01T20:12:56+00:00","dateModified":"2025-09-18T07:04:25+00:00","breadcrumb":{"@id":"https:\/\/souba.com.tr\/product\/nino-kahve\/#breadcrumb"},"inLanguage":"en-US","potentialAction":[{"@type":"ReadAction","target":["https:\/\/souba.com.tr\/product\/nino-kahve\/"]}]},{"@type":"BreadcrumbList","@id":"https:\/\/souba.com.tr\/product\/nino-kahve\/#breadcrumb","itemListElement":[{"@type":"ListItem","position":1,"name":"Ana sayfa","item":"https:\/\/souba.com.tr\/"},{"@type":"ListItem","position":2,"name":"Ma\u011faza","item":"https:\/\/souba.com.tr\/en\/magaza\/"},{"@type":"ListItem","position":3,"name":"Nino Bel \u00c7antas\u0131 &#8211; Kahve"}]},{"@type":"WebSite","@id":"https:\/\/souba.com.tr\/#website","url":"https:\/\/souba.com.tr\/","name":"SOU-BA","description":"Follow your soul, it will find your bag.","potentialAction":[{"@type":"SearchAction","target":{"@type":"EntryPoint","urlTemplate":"https:\/\/souba.com.tr\/?s={search_term_string}"},"query-input":"required name=search_term_string"}],"inLanguage":"en-US"}]}},"_links":{"self":[{"href":"https:\/\/souba.com.tr\/en\/wp-json\/wp\/v2\/product\/5888","targetHints":{"allow":["GET"]}}],"collection":[{"href":"https:\/\/souba.com.tr\/en\/wp-json\/wp\/v2\/product"}],"about":[{"href":"https:\/\/souba.com.tr\/en\/wp-json\/wp\/v2\/types\/product"}],"replies":[{"embeddable":true,"href":"https:\/\/souba.com.tr\/en\/wp-json\/wp\/v2\/comments?post=5888"}],"wp:featuredmedia":[{"embeddable":true,"href":"https:\/\/souba.com.tr\/en\/wp-json\/wp\/v2\/media\/6136"}],"wp:attachment":[{"href":"https:\/\/souba.com.tr\/en\/wp-json\/wp\/v2\/media?parent=5888"}],"wp:term":[{"taxonomy":"product_brand","embeddable":true,"href":"https:\/\/souba.com.tr\/en\/wp-json\/wp\/v2\/product_brand?post=5888"},{"taxonomy":"product_cat","embeddable":true,"href":"https:\/\/souba.com.tr\/en\/wp-json\/wp\/v2\/product_cat?post=5888"},{"taxonomy":"product_tag","embeddable":true,"href":"https:\/\/souba.com.tr\/en\/wp-json\/wp\/v2\/product_tag?post=5888"}],"curies":[{"name":"wp","href":"https:\/\/api.w.org\/{rel}","templated":true}]}}