{"id":7487,"date":"2021-11-27T13:43:44","date_gmt":"2021-11-27T10:43:44","guid":{"rendered":"http:\/\/souba.com.tr\/?post_type=product&#038;p=7487"},"modified":"2025-08-20T14:31:05","modified_gmt":"2025-08-20T11:31:05","slug":"zincirler-kirmizi","status":"publish","type":"product","link":"https:\/\/souba.com.tr\/en\/product\/zincirler-kirmizi\/","title":{"rendered":"Chain - Red"},"content":{"rendered":"<section class=\"wpb-content-wrapper\"><div class=\"vc_row wpb_row vc_row-fluid vc_custom_1601581097481\" ><div class=\"wpb_column vc_column_container vc_col-sm-12\"><div class=\"vc_column-inner\"><div class=\"wpb_wrapper\"><div class=\"qodef-section-title-holder  qodef-st-standard\" >\n\t<div class=\"qodef-st-inner\">\n\t\t\t\t\t<h2 class=\"qodef-st-title\" >\n\t\t\t\tExpress Shipping\t\t\t<\/h2>\n\t\t\t\t\t\t\t\t<\/div>\n<\/div>\n\t<div class=\"wpb_text_column wpb_content_element\" >\n\t\t<div class=\"wpb_wrapper\">\n\t\t\t<div id=\"tab-description\" class=\"woocommerce-Tabs-panel woocommerce-Tabs-panel--description panel entry-content wc-tab\" role=\"tabpanel\" aria-labelledby=\"tab-title-description\">\n<div class=\"vc_row wpb_row vc_row-fluid vc_custom_1601581097481\">\n<div class=\"wpb_column vc_column_container vc_col-sm-12\">\n<div class=\"vc_column-inner\">\n<div class=\"wpb_wrapper\">\n<div class=\"wpb_text_column wpb_content_element\">\n<div class=\"wpb_wrapper\">\n<p style=\"text-align: center;\">\n<\/div>\n<\/div>\n<\/div>\n<\/div>\n<\/div>\n<\/div>\n<div class=\"vc_row wpb_row vc_row-fluid\">\n<div class=\"wpb_column vc_column_container vc_col-sm-12\">\n<div class=\"vc_column-inner\">\n<div class=\"wpb_wrapper\">\n<div class=\"wpb_text_column wpb_content_element\">\n<div class=\"wpb_wrapper\"><\/div>\n<\/div>\n<\/div>\n<\/div>\n<\/div>\n<\/div>\n<\/div>\n\n\t\t<\/div>\n\t<\/div>\n<\/div><\/div><\/div><\/div><div class=\"vc_row wpb_row vc_row-fluid\" ><div class=\"wpb_column vc_column_container vc_col-sm-12\"><div class=\"vc_column-inner\"><div class=\"wpb_wrapper\">\n\t<div class=\"wpb_text_column wpb_content_element\" >\n\t\t<div class=\"wpb_wrapper\">\n\t\t\t<p style=\"text-align: center;\">We offer express shipping service for all your orders.<\/p>\n<p style=\"text-align: center;\">After your order is shipped, you will receive it within 1-5 business days on average.<\/p>\n\n\t\t<\/div>\n\t<\/div>\n<\/div><\/div><\/div><\/div>\n<\/section>","protected":false},"excerpt":{"rendered":"<ul>\n<li>Red bone chain<\/li>\n<li>42 cm<\/li>\n<li>Can be attached to the desired bag<\/li>\n<\/ul>\n<h6><\/h6>","protected":false},"featured_media":7488,"comment_status":"open","ping_status":"closed","template":"","meta":[],"product_brand":[],"product_cat":[96],"product_tag":[],"class_list":{"0":"post-7487","1":"product","2":"type-product","3":"status-publish","4":"has-post-thumbnail","6":"product_cat-zincirler","8":"first","9":"outofstock","10":"taxable","11":"shipping-taxable","12":"purchasable","13":"product-type-simple"},"yoast_head":"<!-- This site is optimized with the Yoast SEO plugin v21.9.1 - https:\/\/yoast.com\/wordpress\/plugins\/seo\/ -->\n<title>Zincir - K\u0131rm\u0131z\u0131 | SOU-BA<\/title>\n<meta name=\"robots\" content=\"index, follow, max-snippet:-1, max-image-preview:large, max-video-preview:-1\" \/>\n<link rel=\"canonical\" href=\"https:\/\/souba.com.tr\/en\/product\/zincirler-kirmizi\/\" \/>\n<meta property=\"og:locale\" content=\"en_US\" \/>\n<meta property=\"og:type\" content=\"article\" \/>\n<meta property=\"og:title\" content=\"Zincir - K\u0131rm\u0131z\u0131 | SOU-BA\" \/>\n<meta property=\"og:description\" content=\"K\u0131rm\u0131z\u0131 kemik zincir  42 cm  \u0130stenilen \u00e7antaya tak\u0131l\u0131p \u00e7\u0131kar\u0131lmaya uygundur.\" \/>\n<meta property=\"og:url\" content=\"https:\/\/souba.com.tr\/en\/product\/zincirler-kirmizi\/\" \/>\n<meta property=\"og:site_name\" content=\"SOU-BA\" \/>\n<meta property=\"article:modified_time\" content=\"2025-08-20T11:31:05+00:00\" \/>\n<meta property=\"og:image\" content=\"http:\/\/souba.com.tr\/wp-content\/uploads\/2021\/11\/A922CE85-7C54-4DF1-AB9C-8B4741F89AD4-e1638010442507.png\" \/>\n\t<meta property=\"og:image:width\" content=\"1755\" \/>\n\t<meta property=\"og:image:height\" content=\"1318\" \/>\n\t<meta property=\"og:image:type\" content=\"image\/png\" \/>\n<meta name=\"twitter:card\" content=\"summary_large_image\" \/>\n<meta name=\"twitter:label1\" content=\"Est. reading time\" \/>\n\t<meta name=\"twitter:data1\" content=\"1 minute\" \/>\n<script type=\"application\/ld+json\" class=\"yoast-schema-graph\">{\"@context\":\"https:\/\/schema.org\",\"@graph\":[{\"@type\":\"WebPage\",\"@id\":\"https:\/\/souba.com.tr\/product\/zincirler-kirmizi\/\",\"url\":\"https:\/\/souba.com.tr\/product\/zincirler-kirmizi\/\",\"name\":\"Zincir - K\u0131rm\u0131z\u0131 | SOU-BA\",\"isPartOf\":{\"@id\":\"https:\/\/souba.com.tr\/#website\"},\"datePublished\":\"2021-11-27T10:43:44+00:00\",\"dateModified\":\"2025-08-20T11:31:05+00:00\",\"breadcrumb\":{\"@id\":\"https:\/\/souba.com.tr\/product\/zincirler-kirmizi\/#breadcrumb\"},\"inLanguage\":\"en-US\",\"potentialAction\":[{\"@type\":\"ReadAction\",\"target\":[\"https:\/\/souba.com.tr\/product\/zincirler-kirmizi\/\"]}]},{\"@type\":\"BreadcrumbList\",\"@id\":\"https:\/\/souba.com.tr\/product\/zincirler-kirmizi\/#breadcrumb\",\"itemListElement\":[{\"@type\":\"ListItem\",\"position\":1,\"name\":\"Ana sayfa\",\"item\":\"https:\/\/souba.com.tr\/\"},{\"@type\":\"ListItem\",\"position\":2,\"name\":\"Ma\u011faza\",\"item\":\"https:\/\/souba.com.tr\/en\/magaza\/\"},{\"@type\":\"ListItem\",\"position\":3,\"name\":\"Zincir &#8211; K\u0131rm\u0131z\u0131\"}]},{\"@type\":\"WebSite\",\"@id\":\"https:\/\/souba.com.tr\/#website\",\"url\":\"https:\/\/souba.com.tr\/\",\"name\":\"SOU-BA\",\"description\":\"Follow your soul, it will find your bag.\",\"potentialAction\":[{\"@type\":\"SearchAction\",\"target\":{\"@type\":\"EntryPoint\",\"urlTemplate\":\"https:\/\/souba.com.tr\/?s={search_term_string}\"},\"query-input\":\"required name=search_term_string\"}],\"inLanguage\":\"en-US\"}]}<\/script>\n<!-- \/ Yoast SEO plugin. -->","yoast_head_json":{"title":"Zincir - K\u0131rm\u0131z\u0131 | SOU-BA","robots":{"index":"index","follow":"follow","max-snippet":"max-snippet:-1","max-image-preview":"max-image-preview:large","max-video-preview":"max-video-preview:-1"},"canonical":"https:\/\/souba.com.tr\/en\/product\/zincirler-kirmizi\/","og_locale":"en_US","og_type":"article","og_title":"Zincir - K\u0131rm\u0131z\u0131 | SOU-BA","og_description":"K\u0131rm\u0131z\u0131 kemik zincir  42 cm  \u0130stenilen \u00e7antaya tak\u0131l\u0131p \u00e7\u0131kar\u0131lmaya uygundur.","og_url":"https:\/\/souba.com.tr\/en\/product\/zincirler-kirmizi\/","og_site_name":"SOU-BA","article_modified_time":"2025-08-20T11:31:05+00:00","og_image":[{"width":1755,"height":1318,"url":"http:\/\/souba.com.tr\/wp-content\/uploads\/2021\/11\/A922CE85-7C54-4DF1-AB9C-8B4741F89AD4-e1638010442507.png","type":"image\/png"}],"twitter_card":"summary_large_image","twitter_misc":{"Est. reading time":"1 minute"},"schema":{"@context":"https:\/\/schema.org","@graph":[{"@type":"WebPage","@id":"https:\/\/souba.com.tr\/product\/zincirler-kirmizi\/","url":"https:\/\/souba.com.tr\/product\/zincirler-kirmizi\/","name":"Zincir - K\u0131rm\u0131z\u0131 | SOU-BA","isPartOf":{"@id":"https:\/\/souba.com.tr\/#website"},"datePublished":"2021-11-27T10:43:44+00:00","dateModified":"2025-08-20T11:31:05+00:00","breadcrumb":{"@id":"https:\/\/souba.com.tr\/product\/zincirler-kirmizi\/#breadcrumb"},"inLanguage":"en-US","potentialAction":[{"@type":"ReadAction","target":["https:\/\/souba.com.tr\/product\/zincirler-kirmizi\/"]}]},{"@type":"BreadcrumbList","@id":"https:\/\/souba.com.tr\/product\/zincirler-kirmizi\/#breadcrumb","itemListElement":[{"@type":"ListItem","position":1,"name":"Ana sayfa","item":"https:\/\/souba.com.tr\/"},{"@type":"ListItem","position":2,"name":"Ma\u011faza","item":"https:\/\/souba.com.tr\/en\/magaza\/"},{"@type":"ListItem","position":3,"name":"Zincir &#8211; K\u0131rm\u0131z\u0131"}]},{"@type":"WebSite","@id":"https:\/\/souba.com.tr\/#website","url":"https:\/\/souba.com.tr\/","name":"SOU-BA","description":"Follow your soul, it will find your bag.","potentialAction":[{"@type":"SearchAction","target":{"@type":"EntryPoint","urlTemplate":"https:\/\/souba.com.tr\/?s={search_term_string}"},"query-input":"required name=search_term_string"}],"inLanguage":"en-US"}]}},"_links":{"self":[{"href":"https:\/\/souba.com.tr\/en\/wp-json\/wp\/v2\/product\/7487","targetHints":{"allow":["GET"]}}],"collection":[{"href":"https:\/\/souba.com.tr\/en\/wp-json\/wp\/v2\/product"}],"about":[{"href":"https:\/\/souba.com.tr\/en\/wp-json\/wp\/v2\/types\/product"}],"replies":[{"embeddable":true,"href":"https:\/\/souba.com.tr\/en\/wp-json\/wp\/v2\/comments?post=7487"}],"wp:featuredmedia":[{"embeddable":true,"href":"https:\/\/souba.com.tr\/en\/wp-json\/wp\/v2\/media\/7488"}],"wp:attachment":[{"href":"https:\/\/souba.com.tr\/en\/wp-json\/wp\/v2\/media?parent=7487"}],"wp:term":[{"taxonomy":"product_brand","embeddable":true,"href":"https:\/\/souba.com.tr\/en\/wp-json\/wp\/v2\/product_brand?post=7487"},{"taxonomy":"product_cat","embeddable":true,"href":"https:\/\/souba.com.tr\/en\/wp-json\/wp\/v2\/product_cat?post=7487"},{"taxonomy":"product_tag","embeddable":true,"href":"https:\/\/souba.com.tr\/en\/wp-json\/wp\/v2\/product_tag?post=7487"}],"curies":[{"name":"wp","href":"https:\/\/api.w.org\/{rel}","templated":true}]}}