{"id":7546,"date":"2021-12-06T16:03:51","date_gmt":"2021-12-06T13:03:51","guid":{"rendered":"http:\/\/souba.com.tr\/?post_type=product&#038;p=7546"},"modified":"2023-09-13T10:38:46","modified_gmt":"2023-09-13T07:38:46","slug":"loli-capraz-canta-kahve","status":"publish","type":"product","link":"https:\/\/souba.com.tr\/en\/product\/loli-capraz-canta-kahve\/","title":{"rendered":"Loli Crossbody Bag - Brown"},"content":{"rendered":"<section class=\"wpb-content-wrapper\"><div class=\"vc_row wpb_row vc_row-fluid vc_custom_1601581097481\" ><div class=\"wpb_column vc_column_container vc_col-sm-12\"><div class=\"vc_column-inner\"><div class=\"wpb_wrapper\"><div class=\"qodef-section-title-holder  qodef-st-standard\" >\n\t<div class=\"qodef-st-inner\">\n\t\t\t\t\t<h2 class=\"qodef-st-title\" >\n\t\t\t\tExpress Shipping\t\t\t<\/h2>\n\t\t\t\t\t\t\t\t<\/div>\n<\/div>\n\t<div class=\"wpb_text_column wpb_content_element\" >\n\t\t<div class=\"wpb_wrapper\">\n\t\t\t<p style=\"text-align: center;\">We offer express shipping service for all your orders.<\/p>\n<p style=\"text-align: center;\">After your order is shipped, you will receive it within 1-5 business days on average.<\/p>\n<p>&nbsp;<\/p>\n\n\t\t<\/div>\n\t<\/div>\n<div class=\"qodef-section-title-holder  qodef-st-standard\" >\n\t<div class=\"qodef-st-inner\">\n\t\t\t\t\t<h2 class=\"qodef-st-title\" >\n\t\t\t\tProduct Care\t\t\t<\/h2>\n\t\t\t\t\t\t\t\t<\/div>\n<\/div>\n\t<div class=\"wpb_text_column wpb_content_element\" >\n\t\t<div class=\"wpb_wrapper\">\n\t\t\t<ul>\n<li>Be careful not to rub or scratch the product on abrasive surfaces.<\/li>\n<li>Protect the product form hard impacts. Do not expose your product to the direct sunlight and keep it away from the direct heat sources (such as iron, radiators, electric heater, etc.)<\/li>\n<li>Do not leave newspapers or magazines on the product as the ink may penetrate and leave permanent stains to the leather products.<\/li>\n<li>Avoid contact of products with any clothe that may transmit the dark paint.<\/li>\n<li>Avoid contact with greasy substances, cosmetics, perfumes, hydro-alcoholic solutions and any material that may transfer color pigments to the product.<\/li>\n<li>Keep your product away from water and humid environment.<\/li>\n<li>In case of soiling or dampening on the surface, dry the product with a clean, lint free, light colored, absorbent cloth. Never use soap or chemical solvents.<\/li>\n<li>Leather products must not be washed in the washing machine and must not come into contact with chemicals such as detergents.<\/li>\n<li>Any leather product that does not have a \u201cwaterproof\u201d sign and designation can allow penetration of water. Leather has pores and it is a breathing, living material. Therefore, when the product used while raining or snowing, it may leak water in. Therefore, water stains may occur.<\/li>\n<li>To protect your product, please store it in the protective sleeve supplied with the product.<\/li>\n<\/ul>\n\n\t\t<\/div>\n\t<\/div>\n<\/div><\/div><\/div><\/div><div class=\"vc_row wpb_row vc_row-fluid\" ><div class=\"wpb_column vc_column_container vc_col-sm-12\"><div class=\"vc_column-inner\"><div class=\"wpb_wrapper\"><\/div><\/div><\/div><\/div>\n<\/section>","protected":false},"excerpt":{"rendered":"<h6>Loli model is a model in which perfect calf leather and soft wool fabric come together with high-level workmanship. It can be used both as a crossbody and a belt bag. it can be suitable for every waist by its adjustable and detachable strap.<\/h6>\n<ul>\n<li>h: 18,5 d: 4 cm<\/li>\n<li>100% calfskin &amp; wool fabric<\/li>\n<li>1 inner pocket<\/li>\n<li>Comes with a dust bag<\/li>\n<\/ul>\n<p>&nbsp;<\/p>","protected":false},"featured_media":7544,"comment_status":"open","ping_status":"closed","template":"","meta":[],"product_brand":[],"product_cat":[91,72],"product_tag":[],"class_list":{"0":"post-7546","1":"product","2":"type-product","3":"status-publish","4":"has-post-thumbnail","6":"product_cat-loli","7":"product_cat-cantalar","9":"first","10":"outofstock","11":"taxable","12":"shipping-taxable","13":"purchasable","14":"product-type-simple"},"yoast_head":"<!-- This site is optimized with the Yoast SEO plugin v21.9.1 - https:\/\/yoast.com\/wordpress\/plugins\/seo\/ -->\n<title>Loli \u00c7apraz \u00c7anta - Kahve | SOU-BA<\/title>\n<meta name=\"robots\" content=\"index, follow, max-snippet:-1, max-image-preview:large, max-video-preview:-1\" \/>\n<link rel=\"canonical\" href=\"https:\/\/souba.com.tr\/en\/product\/loli-capraz-canta-kahve\/\" \/>\n<meta property=\"og:locale\" content=\"en_US\" \/>\n<meta property=\"og:type\" content=\"article\" \/>\n<meta property=\"og:title\" content=\"Loli \u00c7apraz \u00c7anta - Kahve | SOU-BA\" \/>\n<meta property=\"og:description\" content=\"Loli modeli, kusursuz dana derisi ile yuma\u015fac\u0131k y\u00fcn kuma\u015f\u0131n \u00fcst d\u00fczey i\u015f\u00e7ilikle bir araya geldi\u011fi bir modeldir. Hem \u00e7apraz hem de bel \u00e7antas\u0131 olarak kullan\u0131labilmektedir. Ayarlanabilir ve \u00e7\u0131kar\u0131labilir ask\u0131s\u0131 sayesinde her bele uygun hale gelebilir.   \u00c7ap: 18,5 d: 4 cm  %100 dana derisi &amp; y\u00fcn kuma\u015f  1 adet i\u00e7 cep  Toz torbas\u0131 ile birlikte g\u00f6nderilir.  &nbsp;\" \/>\n<meta property=\"og:url\" content=\"https:\/\/souba.com.tr\/en\/product\/loli-capraz-canta-kahve\/\" \/>\n<meta property=\"og:site_name\" content=\"SOU-BA\" \/>\n<meta property=\"article:modified_time\" content=\"2023-09-13T07:38:46+00:00\" \/>\n<meta property=\"og:image\" content=\"https:\/\/souba.com.tr\/wp-content\/uploads\/2021\/12\/DSC_3485-1-scaled-e1638796101774.jpg\" \/>\n\t<meta property=\"og:image:width\" content=\"1585\" \/>\n\t<meta property=\"og:image:height\" content=\"1751\" \/>\n\t<meta property=\"og:image:type\" content=\"image\/jpeg\" \/>\n<meta name=\"twitter:card\" content=\"summary_large_image\" \/>\n<meta name=\"twitter:label1\" content=\"Est. reading time\" \/>\n\t<meta name=\"twitter:data1\" content=\"1 minute\" \/>\n<script type=\"application\/ld+json\" class=\"yoast-schema-graph\">{\"@context\":\"https:\/\/schema.org\",\"@graph\":[{\"@type\":\"WebPage\",\"@id\":\"https:\/\/souba.com.tr\/product\/loli-capraz-canta-kahve\/\",\"url\":\"https:\/\/souba.com.tr\/product\/loli-capraz-canta-kahve\/\",\"name\":\"Loli \u00c7apraz \u00c7anta - Kahve | SOU-BA\",\"isPartOf\":{\"@id\":\"https:\/\/souba.com.tr\/#website\"},\"datePublished\":\"2021-12-06T13:03:51+00:00\",\"dateModified\":\"2023-09-13T07:38:46+00:00\",\"breadcrumb\":{\"@id\":\"https:\/\/souba.com.tr\/product\/loli-capraz-canta-kahve\/#breadcrumb\"},\"inLanguage\":\"en-US\",\"potentialAction\":[{\"@type\":\"ReadAction\",\"target\":[\"https:\/\/souba.com.tr\/product\/loli-capraz-canta-kahve\/\"]}]},{\"@type\":\"BreadcrumbList\",\"@id\":\"https:\/\/souba.com.tr\/product\/loli-capraz-canta-kahve\/#breadcrumb\",\"itemListElement\":[{\"@type\":\"ListItem\",\"position\":1,\"name\":\"Ana sayfa\",\"item\":\"https:\/\/souba.com.tr\/\"},{\"@type\":\"ListItem\",\"position\":2,\"name\":\"Ma\u011faza\",\"item\":\"https:\/\/souba.com.tr\/en\/magaza\/\"},{\"@type\":\"ListItem\",\"position\":3,\"name\":\"Loli \u00c7apraz \u00c7anta &#8211; Kahve\"}]},{\"@type\":\"WebSite\",\"@id\":\"https:\/\/souba.com.tr\/#website\",\"url\":\"https:\/\/souba.com.tr\/\",\"name\":\"SOU-BA\",\"description\":\"Follow your soul, it will find your bag.\",\"potentialAction\":[{\"@type\":\"SearchAction\",\"target\":{\"@type\":\"EntryPoint\",\"urlTemplate\":\"https:\/\/souba.com.tr\/?s={search_term_string}\"},\"query-input\":\"required name=search_term_string\"}],\"inLanguage\":\"en-US\"}]}<\/script>\n<!-- \/ Yoast SEO plugin. -->","yoast_head_json":{"title":"Loli \u00c7apraz \u00c7anta - Kahve | SOU-BA","robots":{"index":"index","follow":"follow","max-snippet":"max-snippet:-1","max-image-preview":"max-image-preview:large","max-video-preview":"max-video-preview:-1"},"canonical":"https:\/\/souba.com.tr\/en\/product\/loli-capraz-canta-kahve\/","og_locale":"en_US","og_type":"article","og_title":"Loli \u00c7apraz \u00c7anta - Kahve | SOU-BA","og_description":"Loli modeli, kusursuz dana derisi ile yuma\u015fac\u0131k y\u00fcn kuma\u015f\u0131n \u00fcst d\u00fczey i\u015f\u00e7ilikle bir araya geldi\u011fi bir modeldir. Hem \u00e7apraz hem de bel \u00e7antas\u0131 olarak kullan\u0131labilmektedir. Ayarlanabilir ve \u00e7\u0131kar\u0131labilir ask\u0131s\u0131 sayesinde her bele uygun hale gelebilir.   \u00c7ap: 18,5 d: 4 cm  %100 dana derisi &amp; y\u00fcn kuma\u015f  1 adet i\u00e7 cep  Toz torbas\u0131 ile birlikte g\u00f6nderilir.  &nbsp;","og_url":"https:\/\/souba.com.tr\/en\/product\/loli-capraz-canta-kahve\/","og_site_name":"SOU-BA","article_modified_time":"2023-09-13T07:38:46+00:00","og_image":[{"width":1585,"height":1751,"url":"https:\/\/souba.com.tr\/wp-content\/uploads\/2021\/12\/DSC_3485-1-scaled-e1638796101774.jpg","type":"image\/jpeg"}],"twitter_card":"summary_large_image","twitter_misc":{"Est. reading time":"1 minute"},"schema":{"@context":"https:\/\/schema.org","@graph":[{"@type":"WebPage","@id":"https:\/\/souba.com.tr\/product\/loli-capraz-canta-kahve\/","url":"https:\/\/souba.com.tr\/product\/loli-capraz-canta-kahve\/","name":"Loli \u00c7apraz \u00c7anta - Kahve | SOU-BA","isPartOf":{"@id":"https:\/\/souba.com.tr\/#website"},"datePublished":"2021-12-06T13:03:51+00:00","dateModified":"2023-09-13T07:38:46+00:00","breadcrumb":{"@id":"https:\/\/souba.com.tr\/product\/loli-capraz-canta-kahve\/#breadcrumb"},"inLanguage":"en-US","potentialAction":[{"@type":"ReadAction","target":["https:\/\/souba.com.tr\/product\/loli-capraz-canta-kahve\/"]}]},{"@type":"BreadcrumbList","@id":"https:\/\/souba.com.tr\/product\/loli-capraz-canta-kahve\/#breadcrumb","itemListElement":[{"@type":"ListItem","position":1,"name":"Ana sayfa","item":"https:\/\/souba.com.tr\/"},{"@type":"ListItem","position":2,"name":"Ma\u011faza","item":"https:\/\/souba.com.tr\/en\/magaza\/"},{"@type":"ListItem","position":3,"name":"Loli \u00c7apraz \u00c7anta &#8211; Kahve"}]},{"@type":"WebSite","@id":"https:\/\/souba.com.tr\/#website","url":"https:\/\/souba.com.tr\/","name":"SOU-BA","description":"Follow your soul, it will find your bag.","potentialAction":[{"@type":"SearchAction","target":{"@type":"EntryPoint","urlTemplate":"https:\/\/souba.com.tr\/?s={search_term_string}"},"query-input":"required name=search_term_string"}],"inLanguage":"en-US"}]}},"_links":{"self":[{"href":"https:\/\/souba.com.tr\/en\/wp-json\/wp\/v2\/product\/7546","targetHints":{"allow":["GET"]}}],"collection":[{"href":"https:\/\/souba.com.tr\/en\/wp-json\/wp\/v2\/product"}],"about":[{"href":"https:\/\/souba.com.tr\/en\/wp-json\/wp\/v2\/types\/product"}],"replies":[{"embeddable":true,"href":"https:\/\/souba.com.tr\/en\/wp-json\/wp\/v2\/comments?post=7546"}],"wp:featuredmedia":[{"embeddable":true,"href":"https:\/\/souba.com.tr\/en\/wp-json\/wp\/v2\/media\/7544"}],"wp:attachment":[{"href":"https:\/\/souba.com.tr\/en\/wp-json\/wp\/v2\/media?parent=7546"}],"wp:term":[{"taxonomy":"product_brand","embeddable":true,"href":"https:\/\/souba.com.tr\/en\/wp-json\/wp\/v2\/product_brand?post=7546"},{"taxonomy":"product_cat","embeddable":true,"href":"https:\/\/souba.com.tr\/en\/wp-json\/wp\/v2\/product_cat?post=7546"},{"taxonomy":"product_tag","embeddable":true,"href":"https:\/\/souba.com.tr\/en\/wp-json\/wp\/v2\/product_tag?post=7546"}],"curies":[{"name":"wp","href":"https:\/\/api.w.org\/{rel}","templated":true}]}}