{"id":7921,"date":"2022-05-27T13:29:25","date_gmt":"2022-05-27T10:29:25","guid":{"rendered":"https:\/\/souba.com.tr\/?post_type=product&#038;p=7921"},"modified":"2024-05-01T11:37:32","modified_gmt":"2024-05-01T08:37:32","slug":"file-el-cantasi-turuncu","status":"publish","type":"product","link":"https:\/\/souba.com.tr\/en\/product\/file-el-cantasi-turuncu\/","title":{"rendered":"Net Handbag - Orange"},"content":{"rendered":"<p>We wish you to enjoy every SOU-BA bag you own and use it in the most beautiful days. You can take a look below for the longevity of your products;<\/p>\n<ul>\n<li>Be careful not to rub or scratch the product on abrasive surfaces.<\/li>\n<li>Protect the product form hard impacts. Do not expose your product to the direct sunlight and keep it away from the direct heat sources (such as iron, radiators, electric heater, etc.)<\/li>\n<li>Do not leave newspapers or magazines on the product as the ink may penetrate and leave permanent stains to the leather products.<\/li>\n<li>Avoid contact of products with any clothe that may transmit the dark paint.<\/li>\n<li>Avoid contact with greasy substances, cosmetics, perfumes, hydro-alcoholic solutions and any material that may transfer color pigments to the product.<\/li>\n<li>Keep your product away from water and humid environment.<\/li>\n<li>\u201cSu ge\u00e7irmez\u201d i\u015fareti bulunmayan herhangi bir deri \u00fcr\u00fcn\u00fc, suyun i\u00e7eri girmesine izin verebilir. Bu nedenle, ya\u011fmur\u00a0veya kar ya\u011farken \u00fcr\u00fcne temas\u0131 halinde i\u00e7eri su s\u0131zabilir. Bu nedenle su lekeleri olu\u015fabilir.<\/li>\n<li>Leather products must not be washed in the washing machine and must not come into contact with chemicals such as detergents.<\/li>\n<li>Any leather product that does not have a \u201cwaterproof\u201d sign and designation can allow penetration of water. Leather has pores and it is a breathing, living material. Therefore, when the product used while raining or snowing, it may leak water in. Therefore, water stains may occur.<\/li>\n<li>To protect your product, please store it in the protective sleeve supplied with the product.<\/li>\n<\/ul>","protected":false},"excerpt":{"rendered":"<p>Handbag<\/p>\n<p>26&#215;15 cm<\/p>\n<p>100% calf leather,<span class=\"Apple-converted-space\">\u00a0&amp; net fabric<\/span><\/p>\n<p>1 inner pocket<\/p>","protected":false},"featured_media":7922,"comment_status":"open","ping_status":"closed","template":"","meta":[],"product_brand":[],"product_cat":[101,102],"product_tag":[],"class_list":{"0":"post-7921","1":"product","2":"type-product","3":"status-publish","4":"has-post-thumbnail","6":"product_cat-el-cantalari","7":"product_cat-file-el-cantasi","9":"first","10":"instock","11":"taxable","12":"shipping-taxable","13":"purchasable","14":"product-type-simple"},"yoast_head":"<!-- This site is optimized with the Yoast SEO plugin v21.9.1 - https:\/\/yoast.com\/wordpress\/plugins\/seo\/ -->\n<title>File El \u00c7antas\u0131 - Turuncu | SOU-BA<\/title>\n<meta name=\"robots\" content=\"index, follow, max-snippet:-1, max-image-preview:large, max-video-preview:-1\" \/>\n<link rel=\"canonical\" href=\"https:\/\/souba.com.tr\/en\/product\/file-el-cantasi-turuncu\/\" \/>\n<meta property=\"og:locale\" content=\"en_US\" \/>\n<meta property=\"og:type\" content=\"article\" \/>\n<meta property=\"og:title\" content=\"File El \u00c7antas\u0131 - Turuncu | SOU-BA\" \/>\n<meta property=\"og:description\" content=\"El \u00c7antas\u0131  26x15 cm  100% dana derisi\u00a0&amp; file kuma\u015f  1 adet i\u00e7 cep\" \/>\n<meta property=\"og:url\" content=\"https:\/\/souba.com.tr\/en\/product\/file-el-cantasi-turuncu\/\" \/>\n<meta property=\"og:site_name\" content=\"SOU-BA\" \/>\n<meta property=\"article:modified_time\" content=\"2024-05-01T08:37:32+00:00\" \/>\n<meta property=\"og:image\" content=\"http:\/\/souba.com.tr\/wp-content\/uploads\/2022\/05\/5FD35273-4DF8-4575-AA86-FCB30398DAD0-scaled.jpeg\" \/>\n\t<meta property=\"og:image:width\" content=\"2560\" \/>\n\t<meta property=\"og:image:height\" content=\"1703\" \/>\n\t<meta property=\"og:image:type\" content=\"image\/jpeg\" \/>\n<meta name=\"twitter:card\" content=\"summary_large_image\" \/>\n<meta name=\"twitter:label1\" content=\"Est. reading time\" \/>\n\t<meta name=\"twitter:data1\" content=\"1 minute\" \/>\n<script type=\"application\/ld+json\" class=\"yoast-schema-graph\">{\"@context\":\"https:\/\/schema.org\",\"@graph\":[{\"@type\":\"WebPage\",\"@id\":\"https:\/\/souba.com.tr\/product\/file-el-cantasi-turuncu\/\",\"url\":\"https:\/\/souba.com.tr\/product\/file-el-cantasi-turuncu\/\",\"name\":\"File El \u00c7antas\u0131 - Turuncu | SOU-BA\",\"isPartOf\":{\"@id\":\"https:\/\/souba.com.tr\/#website\"},\"datePublished\":\"2022-05-27T10:29:25+00:00\",\"dateModified\":\"2024-05-01T08:37:32+00:00\",\"breadcrumb\":{\"@id\":\"https:\/\/souba.com.tr\/product\/file-el-cantasi-turuncu\/#breadcrumb\"},\"inLanguage\":\"en-US\",\"potentialAction\":[{\"@type\":\"ReadAction\",\"target\":[\"https:\/\/souba.com.tr\/product\/file-el-cantasi-turuncu\/\"]}]},{\"@type\":\"BreadcrumbList\",\"@id\":\"https:\/\/souba.com.tr\/product\/file-el-cantasi-turuncu\/#breadcrumb\",\"itemListElement\":[{\"@type\":\"ListItem\",\"position\":1,\"name\":\"Ana sayfa\",\"item\":\"https:\/\/souba.com.tr\/\"},{\"@type\":\"ListItem\",\"position\":2,\"name\":\"Ma\u011faza\",\"item\":\"https:\/\/souba.com.tr\/en\/magaza\/\"},{\"@type\":\"ListItem\",\"position\":3,\"name\":\"File El \u00c7antas\u0131 &#8211; Turuncu\"}]},{\"@type\":\"WebSite\",\"@id\":\"https:\/\/souba.com.tr\/#website\",\"url\":\"https:\/\/souba.com.tr\/\",\"name\":\"SOU-BA\",\"description\":\"Follow your soul, it will find your bag.\",\"potentialAction\":[{\"@type\":\"SearchAction\",\"target\":{\"@type\":\"EntryPoint\",\"urlTemplate\":\"https:\/\/souba.com.tr\/?s={search_term_string}\"},\"query-input\":\"required name=search_term_string\"}],\"inLanguage\":\"en-US\"}]}<\/script>\n<!-- \/ Yoast SEO plugin. -->","yoast_head_json":{"title":"File El \u00c7antas\u0131 - Turuncu | SOU-BA","robots":{"index":"index","follow":"follow","max-snippet":"max-snippet:-1","max-image-preview":"max-image-preview:large","max-video-preview":"max-video-preview:-1"},"canonical":"https:\/\/souba.com.tr\/en\/product\/file-el-cantasi-turuncu\/","og_locale":"en_US","og_type":"article","og_title":"File El \u00c7antas\u0131 - Turuncu | SOU-BA","og_description":"El \u00c7antas\u0131  26x15 cm  100% dana derisi\u00a0&amp; file kuma\u015f  1 adet i\u00e7 cep","og_url":"https:\/\/souba.com.tr\/en\/product\/file-el-cantasi-turuncu\/","og_site_name":"SOU-BA","article_modified_time":"2024-05-01T08:37:32+00:00","og_image":[{"width":2560,"height":1703,"url":"http:\/\/souba.com.tr\/wp-content\/uploads\/2022\/05\/5FD35273-4DF8-4575-AA86-FCB30398DAD0-scaled.jpeg","type":"image\/jpeg"}],"twitter_card":"summary_large_image","twitter_misc":{"Est. reading time":"1 minute"},"schema":{"@context":"https:\/\/schema.org","@graph":[{"@type":"WebPage","@id":"https:\/\/souba.com.tr\/product\/file-el-cantasi-turuncu\/","url":"https:\/\/souba.com.tr\/product\/file-el-cantasi-turuncu\/","name":"File El \u00c7antas\u0131 - Turuncu | SOU-BA","isPartOf":{"@id":"https:\/\/souba.com.tr\/#website"},"datePublished":"2022-05-27T10:29:25+00:00","dateModified":"2024-05-01T08:37:32+00:00","breadcrumb":{"@id":"https:\/\/souba.com.tr\/product\/file-el-cantasi-turuncu\/#breadcrumb"},"inLanguage":"en-US","potentialAction":[{"@type":"ReadAction","target":["https:\/\/souba.com.tr\/product\/file-el-cantasi-turuncu\/"]}]},{"@type":"BreadcrumbList","@id":"https:\/\/souba.com.tr\/product\/file-el-cantasi-turuncu\/#breadcrumb","itemListElement":[{"@type":"ListItem","position":1,"name":"Ana sayfa","item":"https:\/\/souba.com.tr\/"},{"@type":"ListItem","position":2,"name":"Ma\u011faza","item":"https:\/\/souba.com.tr\/en\/magaza\/"},{"@type":"ListItem","position":3,"name":"File El \u00c7antas\u0131 &#8211; Turuncu"}]},{"@type":"WebSite","@id":"https:\/\/souba.com.tr\/#website","url":"https:\/\/souba.com.tr\/","name":"SOU-BA","description":"Follow your soul, it will find your bag.","potentialAction":[{"@type":"SearchAction","target":{"@type":"EntryPoint","urlTemplate":"https:\/\/souba.com.tr\/?s={search_term_string}"},"query-input":"required name=search_term_string"}],"inLanguage":"en-US"}]}},"_links":{"self":[{"href":"https:\/\/souba.com.tr\/en\/wp-json\/wp\/v2\/product\/7921","targetHints":{"allow":["GET"]}}],"collection":[{"href":"https:\/\/souba.com.tr\/en\/wp-json\/wp\/v2\/product"}],"about":[{"href":"https:\/\/souba.com.tr\/en\/wp-json\/wp\/v2\/types\/product"}],"replies":[{"embeddable":true,"href":"https:\/\/souba.com.tr\/en\/wp-json\/wp\/v2\/comments?post=7921"}],"wp:featuredmedia":[{"embeddable":true,"href":"https:\/\/souba.com.tr\/en\/wp-json\/wp\/v2\/media\/7922"}],"wp:attachment":[{"href":"https:\/\/souba.com.tr\/en\/wp-json\/wp\/v2\/media?parent=7921"}],"wp:term":[{"taxonomy":"product_brand","embeddable":true,"href":"https:\/\/souba.com.tr\/en\/wp-json\/wp\/v2\/product_brand?post=7921"},{"taxonomy":"product_cat","embeddable":true,"href":"https:\/\/souba.com.tr\/en\/wp-json\/wp\/v2\/product_cat?post=7921"},{"taxonomy":"product_tag","embeddable":true,"href":"https:\/\/souba.com.tr\/en\/wp-json\/wp\/v2\/product_tag?post=7921"}],"curies":[{"name":"wp","href":"https:\/\/api.w.org\/{rel}","templated":true}]}}