{"id":8454,"date":"2023-03-21T14:21:47","date_gmt":"2023-03-21T11:21:47","guid":{"rendered":"https:\/\/souba.com.tr\/?post_type=product&#038;p=8454"},"modified":"2025-09-18T10:00:24","modified_gmt":"2025-09-18T07:00:24","slug":"eva-omuz-cantasi-karamel","status":"publish","type":"product","link":"https:\/\/souba.com.tr\/en\/product\/eva-omuz-cantasi-karamel\/","title":{"rendered":"EVA SHOULDER BAG - CARAMEL"},"content":{"rendered":"<section class=\"wpb-content-wrapper\"><div class=\"vc_row wpb_row vc_row-fluid vc_custom_1601581097481\" ><div class=\"wpb_column vc_column_container vc_col-sm-12\"><div class=\"vc_column-inner\"><div class=\"wpb_wrapper\"><div class=\"qodef-section-title-holder  qodef-st-standard\" >\n\t<div class=\"qodef-st-inner\">\n\t\t\t\t\t<h2 class=\"qodef-st-title\" >\n\t\t\t\tProduct Care\t\t\t<\/h2>\n\t\t\t\t\t\t\t\t<\/div>\n<\/div>\n\t<div class=\"wpb_text_column wpb_content_element\" >\n\t\t<div class=\"wpb_wrapper\">\n\t\t\t<p>We wish you to enjoy every SOU-BA bag you own and use it in the most beautiful days. You can take a look below for the longevity of your products;<\/p>\n<ul>\n<li>Be careful not to rub or scratch the product on abrasive surfaces.<\/li>\n<li>Protect the product form hard impacts. Do not expose your product to the direct sunlight and keep it away from the direct heat sources (such as iron, radiators, electric heater, etc.)<\/li>\n<li>Do not leave newspapers or magazines on the product as the ink may penetrate and leave permanent stains to the leather products.<\/li>\n<li>Avoid contact of products with any clothe that may transmit the dark paint.<\/li>\n<li>Avoid contact with greasy substances, cosmetics, perfumes, hydro-alcoholic solutions and any material that may transfer color pigments to the product.<\/li>\n<li>Keep your product away from water and humid environment.<\/li>\n<li>In case of soiling or dampening on the surface, dry the product with a clean, lint free, light colored, absorbent cloth. Never use soap or chemical solvents.<\/li>\n<li>Leather products must not be washed in the washing machine and must not come into contact with chemicals such as detergents.<\/li>\n<li>Any leather product that does not have a \u201cwaterproof\u201d sign and designation can allow penetration of water. Leather has pores and it is a breathing, living material. Therefore, when the product used while raining or snowing, it may leak water in. Therefore, water stains may occur.<\/li>\n<li>To protect your product, please store it in the protective sleeve supplied with the product.<\/li>\n<\/ul>\n\n\t\t<\/div>\n\t<\/div>\n<\/div><\/div><\/div><\/div>\n<\/section>","protected":false},"excerpt":{"rendered":"<p>\u00c7apraz \u00c7anta<\/p>\n<p><span style=\"color: #000000; font-family: Calibri; font-size: medium;\"><span class=\"Apple-converted-space\">30x17x8 cm<\/span><\/span><\/p>\n<p><span style=\"color: #000000; font-family: Calibri; font-size: medium;\">100% calf leather,<\/span><\/p>\n<p><span style=\"color: #000000; font-family: Calibri; font-size: medium;\">1 inner pocket<\/span><\/p>","protected":false},"featured_media":8505,"comment_status":"open","ping_status":"closed","template":"","meta":[],"product_brand":[],"product_cat":[107,72],"product_tag":[],"class_list":{"0":"post-8454","1":"product","2":"type-product","3":"status-publish","4":"has-post-thumbnail","6":"product_cat-eva","7":"product_cat-cantalar","9":"first","10":"instock","11":"taxable","12":"shipping-taxable","13":"purchasable","14":"product-type-simple"},"yoast_head":"<!-- This site is optimized with the Yoast SEO plugin v21.9.1 - https:\/\/yoast.com\/wordpress\/plugins\/seo\/ -->\n<title>Eva Omuz \u00c7antas\u0131 - Karamel | SOU-BA<\/title>\n<meta name=\"robots\" content=\"index, follow, max-snippet:-1, max-image-preview:large, max-video-preview:-1\" \/>\n<link rel=\"canonical\" href=\"https:\/\/souba.com.tr\/en\/product\/eva-omuz-cantasi-karamel\/\" \/>\n<meta property=\"og:locale\" content=\"en_US\" \/>\n<meta property=\"og:type\" content=\"article\" \/>\n<meta property=\"og:title\" content=\"Eva Omuz \u00c7antas\u0131 - Karamel | SOU-BA\" \/>\n<meta property=\"og:description\" content=\"\u00c7apraz \u00c7anta  30x17x8 cm  100% dana derisi  1 adet i\u00e7 cep\" \/>\n<meta property=\"og:url\" content=\"https:\/\/souba.com.tr\/en\/product\/eva-omuz-cantasi-karamel\/\" \/>\n<meta property=\"og:site_name\" content=\"SOU-BA\" \/>\n<meta property=\"article:modified_time\" content=\"2025-09-18T07:00:24+00:00\" \/>\n<meta property=\"og:image\" content=\"http:\/\/souba.com.tr\/wp-content\/uploads\/2023\/03\/2.png\" \/>\n\t<meta property=\"og:image:width\" content=\"1080\" \/>\n\t<meta property=\"og:image:height\" content=\"1080\" \/>\n\t<meta property=\"og:image:type\" content=\"image\/png\" \/>\n<meta name=\"twitter:card\" content=\"summary_large_image\" \/>\n<meta name=\"twitter:label1\" content=\"Est. reading time\" \/>\n\t<meta name=\"twitter:data1\" content=\"1 minute\" \/>\n<script type=\"application\/ld+json\" class=\"yoast-schema-graph\">{\"@context\":\"https:\/\/schema.org\",\"@graph\":[{\"@type\":\"WebPage\",\"@id\":\"https:\/\/souba.com.tr\/product\/eva-omuz-cantasi-karamel\/\",\"url\":\"https:\/\/souba.com.tr\/product\/eva-omuz-cantasi-karamel\/\",\"name\":\"Eva Omuz \u00c7antas\u0131 - Karamel | SOU-BA\",\"isPartOf\":{\"@id\":\"https:\/\/souba.com.tr\/#website\"},\"datePublished\":\"2023-03-21T11:21:47+00:00\",\"dateModified\":\"2025-09-18T07:00:24+00:00\",\"breadcrumb\":{\"@id\":\"https:\/\/souba.com.tr\/product\/eva-omuz-cantasi-karamel\/#breadcrumb\"},\"inLanguage\":\"en-US\",\"potentialAction\":[{\"@type\":\"ReadAction\",\"target\":[\"https:\/\/souba.com.tr\/product\/eva-omuz-cantasi-karamel\/\"]}]},{\"@type\":\"BreadcrumbList\",\"@id\":\"https:\/\/souba.com.tr\/product\/eva-omuz-cantasi-karamel\/#breadcrumb\",\"itemListElement\":[{\"@type\":\"ListItem\",\"position\":1,\"name\":\"Ana sayfa\",\"item\":\"https:\/\/souba.com.tr\/\"},{\"@type\":\"ListItem\",\"position\":2,\"name\":\"Ma\u011faza\",\"item\":\"https:\/\/souba.com.tr\/en\/magaza\/\"},{\"@type\":\"ListItem\",\"position\":3,\"name\":\"Eva Omuz \u00c7antas\u0131 &#8211; Karamel\"}]},{\"@type\":\"WebSite\",\"@id\":\"https:\/\/souba.com.tr\/#website\",\"url\":\"https:\/\/souba.com.tr\/\",\"name\":\"SOU-BA\",\"description\":\"Follow your soul, it will find your bag.\",\"potentialAction\":[{\"@type\":\"SearchAction\",\"target\":{\"@type\":\"EntryPoint\",\"urlTemplate\":\"https:\/\/souba.com.tr\/?s={search_term_string}\"},\"query-input\":\"required name=search_term_string\"}],\"inLanguage\":\"en-US\"}]}<\/script>\n<!-- \/ Yoast SEO plugin. -->","yoast_head_json":{"title":"Eva Omuz \u00c7antas\u0131 - Karamel | SOU-BA","robots":{"index":"index","follow":"follow","max-snippet":"max-snippet:-1","max-image-preview":"max-image-preview:large","max-video-preview":"max-video-preview:-1"},"canonical":"https:\/\/souba.com.tr\/en\/product\/eva-omuz-cantasi-karamel\/","og_locale":"en_US","og_type":"article","og_title":"Eva Omuz \u00c7antas\u0131 - Karamel | SOU-BA","og_description":"\u00c7apraz \u00c7anta  30x17x8 cm  100% dana derisi  1 adet i\u00e7 cep","og_url":"https:\/\/souba.com.tr\/en\/product\/eva-omuz-cantasi-karamel\/","og_site_name":"SOU-BA","article_modified_time":"2025-09-18T07:00:24+00:00","og_image":[{"width":1080,"height":1080,"url":"http:\/\/souba.com.tr\/wp-content\/uploads\/2023\/03\/2.png","type":"image\/png"}],"twitter_card":"summary_large_image","twitter_misc":{"Est. reading time":"1 minute"},"schema":{"@context":"https:\/\/schema.org","@graph":[{"@type":"WebPage","@id":"https:\/\/souba.com.tr\/product\/eva-omuz-cantasi-karamel\/","url":"https:\/\/souba.com.tr\/product\/eva-omuz-cantasi-karamel\/","name":"Eva Omuz \u00c7antas\u0131 - Karamel | SOU-BA","isPartOf":{"@id":"https:\/\/souba.com.tr\/#website"},"datePublished":"2023-03-21T11:21:47+00:00","dateModified":"2025-09-18T07:00:24+00:00","breadcrumb":{"@id":"https:\/\/souba.com.tr\/product\/eva-omuz-cantasi-karamel\/#breadcrumb"},"inLanguage":"en-US","potentialAction":[{"@type":"ReadAction","target":["https:\/\/souba.com.tr\/product\/eva-omuz-cantasi-karamel\/"]}]},{"@type":"BreadcrumbList","@id":"https:\/\/souba.com.tr\/product\/eva-omuz-cantasi-karamel\/#breadcrumb","itemListElement":[{"@type":"ListItem","position":1,"name":"Ana sayfa","item":"https:\/\/souba.com.tr\/"},{"@type":"ListItem","position":2,"name":"Ma\u011faza","item":"https:\/\/souba.com.tr\/en\/magaza\/"},{"@type":"ListItem","position":3,"name":"Eva Omuz \u00c7antas\u0131 &#8211; Karamel"}]},{"@type":"WebSite","@id":"https:\/\/souba.com.tr\/#website","url":"https:\/\/souba.com.tr\/","name":"SOU-BA","description":"Follow your soul, it will find your bag.","potentialAction":[{"@type":"SearchAction","target":{"@type":"EntryPoint","urlTemplate":"https:\/\/souba.com.tr\/?s={search_term_string}"},"query-input":"required name=search_term_string"}],"inLanguage":"en-US"}]}},"_links":{"self":[{"href":"https:\/\/souba.com.tr\/en\/wp-json\/wp\/v2\/product\/8454","targetHints":{"allow":["GET"]}}],"collection":[{"href":"https:\/\/souba.com.tr\/en\/wp-json\/wp\/v2\/product"}],"about":[{"href":"https:\/\/souba.com.tr\/en\/wp-json\/wp\/v2\/types\/product"}],"replies":[{"embeddable":true,"href":"https:\/\/souba.com.tr\/en\/wp-json\/wp\/v2\/comments?post=8454"}],"wp:featuredmedia":[{"embeddable":true,"href":"https:\/\/souba.com.tr\/en\/wp-json\/wp\/v2\/media\/8505"}],"wp:attachment":[{"href":"https:\/\/souba.com.tr\/en\/wp-json\/wp\/v2\/media?parent=8454"}],"wp:term":[{"taxonomy":"product_brand","embeddable":true,"href":"https:\/\/souba.com.tr\/en\/wp-json\/wp\/v2\/product_brand?post=8454"},{"taxonomy":"product_cat","embeddable":true,"href":"https:\/\/souba.com.tr\/en\/wp-json\/wp\/v2\/product_cat?post=8454"},{"taxonomy":"product_tag","embeddable":true,"href":"https:\/\/souba.com.tr\/en\/wp-json\/wp\/v2\/product_tag?post=8454"}],"curies":[{"name":"wp","href":"https:\/\/api.w.org\/{rel}","templated":true}]}}