{"id":9381,"date":"2024-07-02T16:44:51","date_gmt":"2024-07-02T13:44:51","guid":{"rendered":"https:\/\/souba.com.tr\/?post_type=product&#038;p=9381"},"modified":"2024-10-15T17:05:49","modified_gmt":"2024-10-15T14:05:49","slug":"maya-yesil","status":"publish","type":"product","link":"https:\/\/souba.com.tr\/en\/product\/maya-yesil\/","title":{"rendered":"Maya &#8211; Ye\u015fil"},"content":{"rendered":"","protected":false},"excerpt":{"rendered":"<p>Maya modeli has\u0131r\u0131 ve kuma\u015f\u0131 bir araya getirerek size yazl\u0131k bir \u015f\u0131kl\u0131k sunar. Uzay\u0131p k\u0131salan sap\u0131 ve mini i\u00e7 \u00e7antas\u0131yla g\u00fcnl\u00fck ihtiya\u00e7lar\u0131n\u0131z\u0131 kar\u015f\u0131lamak \u00fczere tasarlanm\u0131\u015ft\u0131r.<\/p>\n<ul>\n<li>%100 dana derisi ve keten kuma\u015ftan \u00fcretilmi\u015ftir.<\/li>\n<li>40 x 45 cm, Sap: 45 cm<\/li>\n<\/ul>","protected":false},"featured_media":9382,"comment_status":"open","ping_status":"closed","template":"","meta":[],"product_brand":[],"product_cat":[109],"product_tag":[],"class_list":{"0":"post-9381","1":"product","2":"type-product","3":"status-publish","4":"has-post-thumbnail","6":"product_cat-maya","8":"first","9":"instock","10":"sale","11":"taxable","12":"shipping-taxable","13":"purchasable","14":"product-type-simple"},"yoast_head":"<!-- This site is optimized with the Yoast SEO plugin v21.9.1 - https:\/\/yoast.com\/wordpress\/plugins\/seo\/ -->\n<title>Maya - Ye\u015fil | SOU-BA<\/title>\n<meta name=\"robots\" content=\"index, follow, max-snippet:-1, max-image-preview:large, max-video-preview:-1\" \/>\n<link rel=\"canonical\" href=\"https:\/\/souba.com.tr\/en\/product\/maya-yesil\/\" \/>\n<meta property=\"og:locale\" content=\"en_US\" \/>\n<meta property=\"og:type\" content=\"article\" \/>\n<meta property=\"og:title\" content=\"Maya - Ye\u015fil | SOU-BA\" \/>\n<meta property=\"og:description\" content=\"Maya modeli has\u0131r\u0131 ve kuma\u015f\u0131 bir araya getirerek size yazl\u0131k bir \u015f\u0131kl\u0131k sunar. Uzay\u0131p k\u0131salan sap\u0131 ve mini i\u00e7 \u00e7antas\u0131yla g\u00fcnl\u00fck ihtiya\u00e7lar\u0131n\u0131z\u0131 kar\u015f\u0131lamak \u00fczere tasarlanm\u0131\u015ft\u0131r.   %100 dana derisi ve keten kuma\u015ftan \u00fcretilmi\u015ftir.  40 x 45 cm, Sap: 45 cm\" \/>\n<meta property=\"og:url\" content=\"https:\/\/souba.com.tr\/en\/product\/maya-yesil\/\" \/>\n<meta property=\"og:site_name\" content=\"SOU-BA\" \/>\n<meta property=\"article:modified_time\" content=\"2024-10-15T14:05:49+00:00\" \/>\n<meta property=\"og:image\" content=\"http:\/\/souba.com.tr\/wp-content\/uploads\/2024\/07\/MAYA-YESIL-KAPAK.png\" \/>\n\t<meta property=\"og:image:width\" content=\"1080\" \/>\n\t<meta property=\"og:image:height\" content=\"1080\" \/>\n\t<meta property=\"og:image:type\" content=\"image\/png\" \/>\n<meta name=\"twitter:card\" content=\"summary_large_image\" \/>\n<meta name=\"twitter:label1\" content=\"Est. reading time\" \/>\n\t<meta name=\"twitter:data1\" content=\"1 minute\" \/>\n<script type=\"application\/ld+json\" class=\"yoast-schema-graph\">{\"@context\":\"https:\/\/schema.org\",\"@graph\":[{\"@type\":\"WebPage\",\"@id\":\"https:\/\/souba.com.tr\/product\/maya-yesil\/\",\"url\":\"https:\/\/souba.com.tr\/product\/maya-yesil\/\",\"name\":\"Maya - Ye\u015fil | SOU-BA\",\"isPartOf\":{\"@id\":\"https:\/\/souba.com.tr\/#website\"},\"datePublished\":\"2024-07-02T13:44:51+00:00\",\"dateModified\":\"2024-10-15T14:05:49+00:00\",\"breadcrumb\":{\"@id\":\"https:\/\/souba.com.tr\/product\/maya-yesil\/#breadcrumb\"},\"inLanguage\":\"en-US\",\"potentialAction\":[{\"@type\":\"ReadAction\",\"target\":[\"https:\/\/souba.com.tr\/product\/maya-yesil\/\"]}]},{\"@type\":\"BreadcrumbList\",\"@id\":\"https:\/\/souba.com.tr\/product\/maya-yesil\/#breadcrumb\",\"itemListElement\":[{\"@type\":\"ListItem\",\"position\":1,\"name\":\"Ana sayfa\",\"item\":\"https:\/\/souba.com.tr\/\"},{\"@type\":\"ListItem\",\"position\":2,\"name\":\"Ma\u011faza\",\"item\":\"https:\/\/souba.com.tr\/en\/magaza\/\"},{\"@type\":\"ListItem\",\"position\":3,\"name\":\"Maya &#8211; Ye\u015fil\"}]},{\"@type\":\"WebSite\",\"@id\":\"https:\/\/souba.com.tr\/#website\",\"url\":\"https:\/\/souba.com.tr\/\",\"name\":\"SOU-BA\",\"description\":\"Follow your soul, it will find your bag.\",\"potentialAction\":[{\"@type\":\"SearchAction\",\"target\":{\"@type\":\"EntryPoint\",\"urlTemplate\":\"https:\/\/souba.com.tr\/?s={search_term_string}\"},\"query-input\":\"required name=search_term_string\"}],\"inLanguage\":\"en-US\"}]}<\/script>\n<!-- \/ Yoast SEO plugin. -->","yoast_head_json":{"title":"Maya - Ye\u015fil | SOU-BA","robots":{"index":"index","follow":"follow","max-snippet":"max-snippet:-1","max-image-preview":"max-image-preview:large","max-video-preview":"max-video-preview:-1"},"canonical":"https:\/\/souba.com.tr\/en\/product\/maya-yesil\/","og_locale":"en_US","og_type":"article","og_title":"Maya - Ye\u015fil | SOU-BA","og_description":"Maya modeli has\u0131r\u0131 ve kuma\u015f\u0131 bir araya getirerek size yazl\u0131k bir \u015f\u0131kl\u0131k sunar. Uzay\u0131p k\u0131salan sap\u0131 ve mini i\u00e7 \u00e7antas\u0131yla g\u00fcnl\u00fck ihtiya\u00e7lar\u0131n\u0131z\u0131 kar\u015f\u0131lamak \u00fczere tasarlanm\u0131\u015ft\u0131r.   %100 dana derisi ve keten kuma\u015ftan \u00fcretilmi\u015ftir.  40 x 45 cm, Sap: 45 cm","og_url":"https:\/\/souba.com.tr\/en\/product\/maya-yesil\/","og_site_name":"SOU-BA","article_modified_time":"2024-10-15T14:05:49+00:00","og_image":[{"width":1080,"height":1080,"url":"http:\/\/souba.com.tr\/wp-content\/uploads\/2024\/07\/MAYA-YESIL-KAPAK.png","type":"image\/png"}],"twitter_card":"summary_large_image","twitter_misc":{"Est. reading time":"1 minute"},"schema":{"@context":"https:\/\/schema.org","@graph":[{"@type":"WebPage","@id":"https:\/\/souba.com.tr\/product\/maya-yesil\/","url":"https:\/\/souba.com.tr\/product\/maya-yesil\/","name":"Maya - Ye\u015fil | SOU-BA","isPartOf":{"@id":"https:\/\/souba.com.tr\/#website"},"datePublished":"2024-07-02T13:44:51+00:00","dateModified":"2024-10-15T14:05:49+00:00","breadcrumb":{"@id":"https:\/\/souba.com.tr\/product\/maya-yesil\/#breadcrumb"},"inLanguage":"en-US","potentialAction":[{"@type":"ReadAction","target":["https:\/\/souba.com.tr\/product\/maya-yesil\/"]}]},{"@type":"BreadcrumbList","@id":"https:\/\/souba.com.tr\/product\/maya-yesil\/#breadcrumb","itemListElement":[{"@type":"ListItem","position":1,"name":"Ana sayfa","item":"https:\/\/souba.com.tr\/"},{"@type":"ListItem","position":2,"name":"Ma\u011faza","item":"https:\/\/souba.com.tr\/en\/magaza\/"},{"@type":"ListItem","position":3,"name":"Maya &#8211; Ye\u015fil"}]},{"@type":"WebSite","@id":"https:\/\/souba.com.tr\/#website","url":"https:\/\/souba.com.tr\/","name":"SOU-BA","description":"Follow your soul, it will find your bag.","potentialAction":[{"@type":"SearchAction","target":{"@type":"EntryPoint","urlTemplate":"https:\/\/souba.com.tr\/?s={search_term_string}"},"query-input":"required name=search_term_string"}],"inLanguage":"en-US"}]}},"_links":{"self":[{"href":"https:\/\/souba.com.tr\/en\/wp-json\/wp\/v2\/product\/9381","targetHints":{"allow":["GET"]}}],"collection":[{"href":"https:\/\/souba.com.tr\/en\/wp-json\/wp\/v2\/product"}],"about":[{"href":"https:\/\/souba.com.tr\/en\/wp-json\/wp\/v2\/types\/product"}],"replies":[{"embeddable":true,"href":"https:\/\/souba.com.tr\/en\/wp-json\/wp\/v2\/comments?post=9381"}],"wp:featuredmedia":[{"embeddable":true,"href":"https:\/\/souba.com.tr\/en\/wp-json\/wp\/v2\/media\/9382"}],"wp:attachment":[{"href":"https:\/\/souba.com.tr\/en\/wp-json\/wp\/v2\/media?parent=9381"}],"wp:term":[{"taxonomy":"product_brand","embeddable":true,"href":"https:\/\/souba.com.tr\/en\/wp-json\/wp\/v2\/product_brand?post=9381"},{"taxonomy":"product_cat","embeddable":true,"href":"https:\/\/souba.com.tr\/en\/wp-json\/wp\/v2\/product_cat?post=9381"},{"taxonomy":"product_tag","embeddable":true,"href":"https:\/\/souba.com.tr\/en\/wp-json\/wp\/v2\/product_tag?post=9381"}],"curies":[{"name":"wp","href":"https:\/\/api.w.org\/{rel}","templated":true}]}}