{"id":9416,"date":"2024-07-25T15:21:47","date_gmt":"2024-07-25T12:21:47","guid":{"rendered":"https:\/\/souba.com.tr\/?post_type=product&#038;p=9416"},"modified":"2025-11-24T11:10:41","modified_gmt":"2025-11-24T08:10:41","slug":"donna-bordo","status":"publish","type":"product","link":"https:\/\/souba.com.tr\/en\/product\/donna-bordo\/","title":{"rendered":"Donna &#8211; Bordo"},"content":{"rendered":"<p>Net bir \u00e7izgisi olan Donna, her t\u00fcrl\u00fc modern kombini tamamlayacak \u015fekilde tasarlanm\u0131\u015ft\u0131r. G\u00fcnd\u00fczden geceye t\u00fcm g\u00fcn sizinle olmas\u0131 ve ihtiya\u00e7lar\u0131n\u0131za kar\u015f\u0131l\u0131k vermesi i\u00e7in tasarlanm\u0131\u015ft\u0131r. Bir omuz \u00e7antas\u0131 olan Donna, fermuarl\u0131 a\u011fz\u0131 ve ergonomik sap uzunlu\u011fu sayesinde rahatl\u0131\u011f\u0131n\u0131 \u00f6n plana \u00e7\u0131karmaktad\u0131r.<\/p>\n<ul>\n<li>%100 a\u00e7ma deriden \u00fcretilmi\u015ftir.<\/li>\n<\/ul>\n<p>&nbsp;<\/p>","protected":false},"excerpt":{"rendered":"<p>Net bir \u00e7izgisi olan Donna, her t\u00fcrl\u00fc modern kombini tamamlayacak \u015fekilde tasarlanm\u0131\u015ft\u0131r. G\u00fcnd\u00fczden geceye t\u00fcm g\u00fcn sizinle olmas\u0131 ve ihtiya\u00e7lar\u0131n\u0131za kar\u015f\u0131l\u0131k vermesi i\u00e7in tasarlanm\u0131\u015ft\u0131r. Bir omuz \u00e7antas\u0131 olan Donna, fermuarl\u0131 a\u011fz\u0131 ve ergonomik sap uzunlu\u011fu sayesinde rahatl\u0131\u011f\u0131n\u0131 \u00f6n plana \u00e7\u0131karmaktad\u0131r. [&hellip;]<\/p>","protected":false},"featured_media":9417,"comment_status":"open","ping_status":"closed","template":"","meta":[],"product_brand":[],"product_cat":[110],"product_tag":[],"class_list":{"0":"post-9416","1":"product","2":"type-product","3":"status-publish","4":"has-post-thumbnail","6":"product_cat-donna","8":"first","9":"outofstock","10":"taxable","11":"shipping-taxable","12":"purchasable","13":"product-type-simple"},"yoast_head":"<!-- This site is optimized with the Yoast SEO plugin v21.9.1 - https:\/\/yoast.com\/wordpress\/plugins\/seo\/ -->\n<title>Donna - Bordo | SOU-BA<\/title>\n<meta name=\"robots\" content=\"index, follow, max-snippet:-1, max-image-preview:large, max-video-preview:-1\" \/>\n<link rel=\"canonical\" href=\"https:\/\/souba.com.tr\/en\/product\/donna-bordo\/\" \/>\n<meta property=\"og:locale\" content=\"en_US\" \/>\n<meta property=\"og:type\" content=\"article\" \/>\n<meta property=\"og:title\" content=\"Donna - Bordo | SOU-BA\" \/>\n<meta property=\"og:description\" content=\"Net bir \u00e7izgisi olan Donna, her t\u00fcrl\u00fc modern kombini tamamlayacak \u015fekilde tasarlanm\u0131\u015ft\u0131r. G\u00fcnd\u00fczden geceye t\u00fcm g\u00fcn sizinle olmas\u0131 ve ihtiya\u00e7lar\u0131n\u0131za kar\u015f\u0131l\u0131k vermesi i\u00e7in tasarlanm\u0131\u015ft\u0131r. Bir omuz \u00e7antas\u0131 olan Donna, fermuarl\u0131 a\u011fz\u0131 ve ergonomik sap uzunlu\u011fu sayesinde rahatl\u0131\u011f\u0131n\u0131 \u00f6n plana \u00e7\u0131karmaktad\u0131r. [&hellip;]\" \/>\n<meta property=\"og:url\" content=\"https:\/\/souba.com.tr\/en\/product\/donna-bordo\/\" \/>\n<meta property=\"og:site_name\" content=\"SOU-BA\" \/>\n<meta property=\"article:modified_time\" content=\"2025-11-24T08:10:41+00:00\" \/>\n<meta property=\"og:image\" content=\"http:\/\/souba.com.tr\/wp-content\/uploads\/2024\/07\/DONNA-BORDO1-scaled.jpg\" \/>\n\t<meta property=\"og:image:width\" content=\"2560\" \/>\n\t<meta property=\"og:image:height\" content=\"1707\" \/>\n\t<meta property=\"og:image:type\" content=\"image\/jpeg\" \/>\n<meta name=\"twitter:card\" content=\"summary_large_image\" \/>\n<meta name=\"twitter:label1\" content=\"Est. reading time\" \/>\n\t<meta name=\"twitter:data1\" content=\"1 minute\" \/>\n<script type=\"application\/ld+json\" class=\"yoast-schema-graph\">{\"@context\":\"https:\/\/schema.org\",\"@graph\":[{\"@type\":\"WebPage\",\"@id\":\"https:\/\/souba.com.tr\/product\/donna-bordo\/\",\"url\":\"https:\/\/souba.com.tr\/product\/donna-bordo\/\",\"name\":\"Donna - Bordo | SOU-BA\",\"isPartOf\":{\"@id\":\"https:\/\/souba.com.tr\/#website\"},\"datePublished\":\"2024-07-25T12:21:47+00:00\",\"dateModified\":\"2025-11-24T08:10:41+00:00\",\"breadcrumb\":{\"@id\":\"https:\/\/souba.com.tr\/product\/donna-bordo\/#breadcrumb\"},\"inLanguage\":\"en-US\",\"potentialAction\":[{\"@type\":\"ReadAction\",\"target\":[\"https:\/\/souba.com.tr\/product\/donna-bordo\/\"]}]},{\"@type\":\"BreadcrumbList\",\"@id\":\"https:\/\/souba.com.tr\/product\/donna-bordo\/#breadcrumb\",\"itemListElement\":[{\"@type\":\"ListItem\",\"position\":1,\"name\":\"Ana sayfa\",\"item\":\"https:\/\/souba.com.tr\/\"},{\"@type\":\"ListItem\",\"position\":2,\"name\":\"Ma\u011faza\",\"item\":\"https:\/\/souba.com.tr\/en\/magaza\/\"},{\"@type\":\"ListItem\",\"position\":3,\"name\":\"Donna &#8211; Bordo\"}]},{\"@type\":\"WebSite\",\"@id\":\"https:\/\/souba.com.tr\/#website\",\"url\":\"https:\/\/souba.com.tr\/\",\"name\":\"SOU-BA\",\"description\":\"Follow your soul, it will find your bag.\",\"potentialAction\":[{\"@type\":\"SearchAction\",\"target\":{\"@type\":\"EntryPoint\",\"urlTemplate\":\"https:\/\/souba.com.tr\/?s={search_term_string}\"},\"query-input\":\"required name=search_term_string\"}],\"inLanguage\":\"en-US\"}]}<\/script>\n<!-- \/ Yoast SEO plugin. -->","yoast_head_json":{"title":"Donna - Bordo | SOU-BA","robots":{"index":"index","follow":"follow","max-snippet":"max-snippet:-1","max-image-preview":"max-image-preview:large","max-video-preview":"max-video-preview:-1"},"canonical":"https:\/\/souba.com.tr\/en\/product\/donna-bordo\/","og_locale":"en_US","og_type":"article","og_title":"Donna - Bordo | SOU-BA","og_description":"Net bir \u00e7izgisi olan Donna, her t\u00fcrl\u00fc modern kombini tamamlayacak \u015fekilde tasarlanm\u0131\u015ft\u0131r. G\u00fcnd\u00fczden geceye t\u00fcm g\u00fcn sizinle olmas\u0131 ve ihtiya\u00e7lar\u0131n\u0131za kar\u015f\u0131l\u0131k vermesi i\u00e7in tasarlanm\u0131\u015ft\u0131r. Bir omuz \u00e7antas\u0131 olan Donna, fermuarl\u0131 a\u011fz\u0131 ve ergonomik sap uzunlu\u011fu sayesinde rahatl\u0131\u011f\u0131n\u0131 \u00f6n plana \u00e7\u0131karmaktad\u0131r. [&hellip;]","og_url":"https:\/\/souba.com.tr\/en\/product\/donna-bordo\/","og_site_name":"SOU-BA","article_modified_time":"2025-11-24T08:10:41+00:00","og_image":[{"width":2560,"height":1707,"url":"http:\/\/souba.com.tr\/wp-content\/uploads\/2024\/07\/DONNA-BORDO1-scaled.jpg","type":"image\/jpeg"}],"twitter_card":"summary_large_image","twitter_misc":{"Est. reading time":"1 minute"},"schema":{"@context":"https:\/\/schema.org","@graph":[{"@type":"WebPage","@id":"https:\/\/souba.com.tr\/product\/donna-bordo\/","url":"https:\/\/souba.com.tr\/product\/donna-bordo\/","name":"Donna - Bordo | SOU-BA","isPartOf":{"@id":"https:\/\/souba.com.tr\/#website"},"datePublished":"2024-07-25T12:21:47+00:00","dateModified":"2025-11-24T08:10:41+00:00","breadcrumb":{"@id":"https:\/\/souba.com.tr\/product\/donna-bordo\/#breadcrumb"},"inLanguage":"en-US","potentialAction":[{"@type":"ReadAction","target":["https:\/\/souba.com.tr\/product\/donna-bordo\/"]}]},{"@type":"BreadcrumbList","@id":"https:\/\/souba.com.tr\/product\/donna-bordo\/#breadcrumb","itemListElement":[{"@type":"ListItem","position":1,"name":"Ana sayfa","item":"https:\/\/souba.com.tr\/"},{"@type":"ListItem","position":2,"name":"Ma\u011faza","item":"https:\/\/souba.com.tr\/en\/magaza\/"},{"@type":"ListItem","position":3,"name":"Donna &#8211; Bordo"}]},{"@type":"WebSite","@id":"https:\/\/souba.com.tr\/#website","url":"https:\/\/souba.com.tr\/","name":"SOU-BA","description":"Follow your soul, it will find your bag.","potentialAction":[{"@type":"SearchAction","target":{"@type":"EntryPoint","urlTemplate":"https:\/\/souba.com.tr\/?s={search_term_string}"},"query-input":"required name=search_term_string"}],"inLanguage":"en-US"}]}},"_links":{"self":[{"href":"https:\/\/souba.com.tr\/en\/wp-json\/wp\/v2\/product\/9416","targetHints":{"allow":["GET"]}}],"collection":[{"href":"https:\/\/souba.com.tr\/en\/wp-json\/wp\/v2\/product"}],"about":[{"href":"https:\/\/souba.com.tr\/en\/wp-json\/wp\/v2\/types\/product"}],"replies":[{"embeddable":true,"href":"https:\/\/souba.com.tr\/en\/wp-json\/wp\/v2\/comments?post=9416"}],"wp:featuredmedia":[{"embeddable":true,"href":"https:\/\/souba.com.tr\/en\/wp-json\/wp\/v2\/media\/9417"}],"wp:attachment":[{"href":"https:\/\/souba.com.tr\/en\/wp-json\/wp\/v2\/media?parent=9416"}],"wp:term":[{"taxonomy":"product_brand","embeddable":true,"href":"https:\/\/souba.com.tr\/en\/wp-json\/wp\/v2\/product_brand?post=9416"},{"taxonomy":"product_cat","embeddable":true,"href":"https:\/\/souba.com.tr\/en\/wp-json\/wp\/v2\/product_cat?post=9416"},{"taxonomy":"product_tag","embeddable":true,"href":"https:\/\/souba.com.tr\/en\/wp-json\/wp\/v2\/product_tag?post=9416"}],"curies":[{"name":"wp","href":"https:\/\/api.w.org\/{rel}","templated":true}]}}